{"id":105,"date":"2024-09-11T11:32:30","date_gmt":"2024-09-11T11:32:30","guid":{"rendered":"https:\/\/familien-oestergaard.dk\/?page_id=105"},"modified":"2024-09-12T16:55:09","modified_gmt":"2024-09-12T16:55:09","slug":"torkill","status":"publish","type":"page","link":"https:\/\/familien-oestergaard.dk\/?page_id=105","title":{"rendered":"Torkill"},"content":{"rendered":"\n<p><strong>Torkill S\u00f8ren Christian \u00d8stergaard f\u00f8dt 9. maj 1934<\/strong>&nbsp;gift 27. februar 1957 med Tove Severinsen f\u00f8dt 20. november 1936 ( d\u00f8d 3. januar 2011). I dag bosiddende i Gren\u00e5. <\/p>\n\n\n\n<p>Sammen fik de 4 b\u00f8rn:<\/p>\n\n\n\n<p>______________________________________________________________________________________________________________________________________________________________<\/p>\n\n\n\n<p><\/p>\n\n\n\n<p><strong>John \u00d8stergaard f\u00f8dt 21. august 1957<\/strong><\/p>\n\n\n\n<p><\/p>\n\n\n\n<p>______________________________________________________________________________________________________________________________________________________________<\/p>\n\n\n\n<p><strong>Lars \u00d8stergaard f\u00f8dt 26. december 1959&nbsp;<\/strong>gift 8. juli 1990 med Ulla Rasmussen f\u00f8dt 16. oktober 1960, (d\u00f8d 26. Juni 2018). Sammen har de 3 b\u00f8rn:<\/p>\n\n\n\n<p><\/p>\n\n\n\n<ol class=\"wp-block-list\">\n<li><strong>Vibe M\u00f8ller-\u00d8stergaard f\u00f8dt 25. august 1993<\/strong><\/li>\n\n\n\n<li><strong>Oscar M\u00f8ller-\u00d8stergaard f\u00f8dt 21. februar 1996<\/strong><\/li>\n\n\n\n<li><strong>Ninna M\u00f8ller-\u00d8stergaard f\u00f8dt 21. februar 1996<\/strong><\/li>\n<\/ol>\n\n\n\n<p>______________________________________________________________________________________________________________________________________________________________<\/p>\n\n\n\n<p><\/p>\n\n\n\n<p><strong>Ulla \u00d8stergaard f\u00f8dt 13. december 1961<\/strong>&nbsp;samboende med Henning Hansen&nbsp;<strong>f\u00f8dt 7. marts 1964<\/strong><\/p>\n\n\n\n<p>______________________________________________________________________________________________________________________________________________________________<\/p>\n\n\n\n<p><\/p>\n\n\n\n<p><strong>Claus \u00d8stergaard f\u00f8dt 5. december 1964<\/strong>&nbsp;gift 2. maj 1997 med Susanne Rasmussen f\u00f8dt 20. september 1967. <\/p>\n\n\n\n<p>Sammen har de 2 b\u00f8rn:<\/p>\n\n\n\n<ol class=\"wp-block-list\">\n<li><strong>Maja \u00d8stergaard f\u00f8dt 29. marts 1995<\/strong><\/li>\n\n\n\n<li><strong>Emma \u00d8stergaard f\u00f8dt 18. september 2000<\/strong><\/li>\n<\/ol>\n\n\n\n<p>______________________________________________________________________________________________________________________________________________________________<\/p>\n\n\n\n<p><\/p>\n","protected":false},"excerpt":{"rendered":"<p>Torkill S\u00f8ren Christian \u00d8stergaard f\u00f8dt 9. maj 1934&nbsp;gift 27. februar 1957 med Tove Severinsen f\u00f8dt 20. november 1936 ( d\u00f8d 3. januar 2011). I dag bosiddende i Gren\u00e5. Sammen fik de 4 b\u00f8rn: ______________________________________________________________________________________________________________________________________________________________ John \u00d8stergaard f\u00f8dt 21. august 1957 ______________________________________________________________________________________________________________________________________________________________ Lars \u00d8stergaard f\u00f8dt 26. december 1959&nbsp;gift 8. juli 1990 med Ulla Rasmussen f\u00f8dt 16. &#8230; <a title=\"Torkill\" class=\"read-more\" href=\"https:\/\/familien-oestergaard.dk\/?page_id=105\" aria-label=\"Read more about Torkill\">L\u00e6s mere <\/a><\/p>\n","protected":false},"author":2,"featured_media":0,"parent":0,"menu_order":0,"comment_status":"closed","ping_status":"closed","template":"","meta":{"_uag_custom_page_level_css":"","footnotes":""},"class_list":["post-105","page","type-page","status-publish"],"uagb_featured_image_src":{"full":false,"thumbnail":false,"medium":false,"medium_large":false,"large":false,"1536x1536":false,"2048x2048":false},"uagb_author_info":{"display_name":"Linne Dockweiler","author_link":"https:\/\/familien-oestergaard.dk\/?author=2"},"uagb_comment_info":0,"uagb_excerpt":"Torkill S\u00f8ren Christian \u00d8stergaard f\u00f8dt 9. maj 1934&nbsp;gift 27. februar 1957 med Tove Severinsen f\u00f8dt 20. november 1936 ( d\u00f8d 3. januar 2011). I dag bosiddende i Gren\u00e5. Sammen fik de 4 b\u00f8rn: ______________________________________________________________________________________________________________________________________________________________ John \u00d8stergaard f\u00f8dt 21. august 1957 ______________________________________________________________________________________________________________________________________________________________ Lars \u00d8stergaard f\u00f8dt 26. december 1959&nbsp;gift 8. juli 1990 med Ulla Rasmussen f\u00f8dt 16.&hellip;","_links":{"self":[{"href":"https:\/\/familien-oestergaard.dk\/index.php?rest_route=\/wp\/v2\/pages\/105","targetHints":{"allow":["GET"]}}],"collection":[{"href":"https:\/\/familien-oestergaard.dk\/index.php?rest_route=\/wp\/v2\/pages"}],"about":[{"href":"https:\/\/familien-oestergaard.dk\/index.php?rest_route=\/wp\/v2\/types\/page"}],"author":[{"embeddable":true,"href":"https:\/\/familien-oestergaard.dk\/index.php?rest_route=\/wp\/v2\/users\/2"}],"replies":[{"embeddable":true,"href":"https:\/\/familien-oestergaard.dk\/index.php?rest_route=%2Fwp%2Fv2%2Fcomments&post=105"}],"version-history":[{"count":3,"href":"https:\/\/familien-oestergaard.dk\/index.php?rest_route=\/wp\/v2\/pages\/105\/revisions"}],"predecessor-version":[{"id":186,"href":"https:\/\/familien-oestergaard.dk\/index.php?rest_route=\/wp\/v2\/pages\/105\/revisions\/186"}],"wp:attachment":[{"href":"https:\/\/familien-oestergaard.dk\/index.php?rest_route=%2Fwp%2Fv2%2Fmedia&parent=105"}],"curies":[{"name":"wp","href":"https:\/\/api.w.org\/{rel}","templated":true}]}}