{"id":114,"date":"2024-09-11T11:52:23","date_gmt":"2024-09-11T11:52:23","guid":{"rendered":"https:\/\/familien-oestergaard.dk\/?page_id=114"},"modified":"2025-09-06T08:01:51","modified_gmt":"2025-09-06T08:01:51","slug":"birgit","status":"publish","type":"page","link":"https:\/\/familien-oestergaard.dk\/?page_id=114","title":{"rendered":"Birgit"},"content":{"rendered":"\n<p><strong>Birgit M\u00f8ller Lund f. \u00d8stergaard f\u00f8dt 29. april 1936<\/strong>\u00a0(d\u00f8d 4. september 2025) gift 2. maj 1959 med Bent Lund f\u00f8dt 11. august 1934 (d\u00f8d 7. september 2002). <\/p>\n\n\n\n<p>Sammen fik de 2 b\u00f8rn:<\/p>\n\n\n\n<p>______________________________________________________________________________________________________________________________________________________________<\/p>\n\n\n\n<p><\/p>\n\n\n\n<p><strong>Verner Lund f\u00f8dt 5. marts 1963<\/strong>&nbsp;<strong>(D\u00f8d 14. December 2021)<\/strong><\/p>\n\n\n\n<p><\/p>\n\n\n\n<p>______________________________________________________________________________________________________________________________________________________________<\/p>\n\n\n\n<p><\/p>\n\n\n\n<p><strong>Jette Lund f\u00f8dt 3. august 1969<\/strong>&nbsp;gift 6. juni 1997 med S\u00f8ren \u00d8rnbjerg Larsen f\u00f8dt 6. juli 1970. <\/p>\n\n\n\n<p>Sammen har de 2 b\u00f8rn:<\/p>\n\n\n\n<ol class=\"wp-block-list\">\n<li> Kristine Lund f\u00f8dt 12. februar 1997<\/li>\n\n\n\n<li>Amalie Lund f\u00f8dt 2. juli 1999 Gift med Mikkel Lund f. Brun d. 25. maj 2025 i Stillinge<\/li>\n<\/ol>\n\n\n\n<p>______________________________________________________________________________________________________________________________________________________________<\/p>\n\n\n\n<p><\/p>\n","protected":false},"excerpt":{"rendered":"<p>Birgit M\u00f8ller Lund f. \u00d8stergaard f\u00f8dt 29. april 1936\u00a0(d\u00f8d 4. september 2025) gift 2. maj 1959 med Bent Lund f\u00f8dt 11. august 1934 (d\u00f8d 7. september 2002). Sammen fik de 2 b\u00f8rn: ______________________________________________________________________________________________________________________________________________________________ Verner Lund f\u00f8dt 5. marts 1963&nbsp;(D\u00f8d 14. December 2021) ______________________________________________________________________________________________________________________________________________________________ Jette Lund f\u00f8dt 3. august 1969&nbsp;gift 6. juni 1997 med S\u00f8ren \u00d8rnbjerg &#8230; <a title=\"Birgit\" class=\"read-more\" href=\"https:\/\/familien-oestergaard.dk\/?page_id=114\" aria-label=\"Read more about Birgit\">L\u00e6s mere <\/a><\/p>\n","protected":false},"author":2,"featured_media":0,"parent":0,"menu_order":0,"comment_status":"closed","ping_status":"closed","template":"","meta":{"_uag_custom_page_level_css":"","footnotes":""},"class_list":["post-114","page","type-page","status-publish"],"uagb_featured_image_src":{"full":false,"thumbnail":false,"medium":false,"medium_large":false,"large":false,"1536x1536":false,"2048x2048":false},"uagb_author_info":{"display_name":"Linne Dockweiler","author_link":"https:\/\/familien-oestergaard.dk\/?author=2"},"uagb_comment_info":0,"uagb_excerpt":"Birgit M\u00f8ller Lund f. \u00d8stergaard f\u00f8dt 29. april 1936\u00a0(d\u00f8d 4. september 2025) gift 2. maj 1959 med Bent Lund f\u00f8dt 11. august 1934 (d\u00f8d 7. september 2002). Sammen fik de 2 b\u00f8rn: ______________________________________________________________________________________________________________________________________________________________ Verner Lund f\u00f8dt 5. marts 1963&nbsp;(D\u00f8d 14. December 2021) ______________________________________________________________________________________________________________________________________________________________ Jette Lund f\u00f8dt 3. august 1969&nbsp;gift 6. juni 1997 med S\u00f8ren \u00d8rnbjerg&hellip;","_links":{"self":[{"href":"https:\/\/familien-oestergaard.dk\/index.php?rest_route=\/wp\/v2\/pages\/114","targetHints":{"allow":["GET"]}}],"collection":[{"href":"https:\/\/familien-oestergaard.dk\/index.php?rest_route=\/wp\/v2\/pages"}],"about":[{"href":"https:\/\/familien-oestergaard.dk\/index.php?rest_route=\/wp\/v2\/types\/page"}],"author":[{"embeddable":true,"href":"https:\/\/familien-oestergaard.dk\/index.php?rest_route=\/wp\/v2\/users\/2"}],"replies":[{"embeddable":true,"href":"https:\/\/familien-oestergaard.dk\/index.php?rest_route=%2Fwp%2Fv2%2Fcomments&post=114"}],"version-history":[{"count":5,"href":"https:\/\/familien-oestergaard.dk\/index.php?rest_route=\/wp\/v2\/pages\/114\/revisions"}],"predecessor-version":[{"id":548,"href":"https:\/\/familien-oestergaard.dk\/index.php?rest_route=\/wp\/v2\/pages\/114\/revisions\/548"}],"wp:attachment":[{"href":"https:\/\/familien-oestergaard.dk\/index.php?rest_route=%2Fwp%2Fv2%2Fmedia&parent=114"}],"curies":[{"name":"wp","href":"https:\/\/api.w.org\/{rel}","templated":true}]}}