{"id":120,"date":"2024-09-11T12:00:35","date_gmt":"2024-09-11T12:00:35","guid":{"rendered":"https:\/\/familien-oestergaard.dk\/?page_id=120"},"modified":"2025-08-07T11:43:52","modified_gmt":"2025-08-07T11:43:52","slug":"foto-fra-traef-2024","status":"publish","type":"page","link":"https:\/\/familien-oestergaard.dk\/?page_id=120","title":{"rendered":"Foto 2024 Cimbrerhytten, Fars\u00f8"},"content":{"rendered":"\n<p>Vi var kun 15 i \u00e5r, men Birgit ville gerne have v\u00e6ret med&#8230;.<\/p>\n\n\n\n<p>Karen Margrethe &amp; Kaj<\/p>\n\n\n\n<p>Randi, Lillian<\/p>\n\n\n\n<p>Torkill og Ragnhild, John, Lars, Ulla &amp; Henning, Claus<\/p>\n\n\n\n<p>Kirsten, Frank &amp; Vibeke, Linne<\/p>\n\n\n\n<figure class=\"wp-block-gallery has-nested-images columns-default is-cropped wp-block-gallery-1 is-layout-flex wp-block-gallery-is-layout-flex\">\n<figure class=\"wp-block-image size-large\"><img loading=\"lazy\" decoding=\"async\" width=\"240\" height=\"320\" data-id=\"121\" src=\"https:\/\/familien-oestergaard.dk\/wp-content\/uploads\/2024\/09\/IMG_0184-rotated.jpg\" alt=\"\" class=\"wp-image-121\" srcset=\"https:\/\/familien-oestergaard.dk\/wp-content\/uploads\/2024\/09\/IMG_0184-rotated.jpg 240w, https:\/\/familien-oestergaard.dk\/wp-content\/uploads\/2024\/09\/IMG_0184-225x300.jpg 225w\" sizes=\"auto, (max-width: 240px) 100vw, 240px\" \/><figcaption class=\"wp-element-caption\">Birgit, der ikke kunne komme i \u00e5r. Billedet er taget p\u00e5 Plejecenteret i Fars\u00f8 umiddelbart inden tr\u00e6f<\/figcaption><\/figure>\n\n\n\n<figure class=\"wp-block-image size-large\"><img loading=\"lazy\" decoding=\"async\" width=\"240\" height=\"320\" data-id=\"123\" src=\"https:\/\/familien-oestergaard.dk\/wp-content\/uploads\/2024\/09\/IMG_0187-rotated.jpg\" alt=\"\" class=\"wp-image-123\" srcset=\"https:\/\/familien-oestergaard.dk\/wp-content\/uploads\/2024\/09\/IMG_0187-rotated.jpg 240w, https:\/\/familien-oestergaard.dk\/wp-content\/uploads\/2024\/09\/IMG_0187-225x300.jpg 225w\" sizes=\"auto, (max-width: 240px) 100vw, 240px\" \/><figcaption class=\"wp-element-caption\">Randi, Lillian og Lars<\/figcaption><\/figure>\n\n\n\n<figure class=\"wp-block-image size-large\"><img loading=\"lazy\" decoding=\"async\" width=\"240\" height=\"320\" data-id=\"127\" src=\"https:\/\/familien-oestergaard.dk\/wp-content\/uploads\/2024\/09\/IMG_0188-rotated.jpg\" alt=\"\" class=\"wp-image-127\" srcset=\"https:\/\/familien-oestergaard.dk\/wp-content\/uploads\/2024\/09\/IMG_0188-rotated.jpg 240w, https:\/\/familien-oestergaard.dk\/wp-content\/uploads\/2024\/09\/IMG_0188-225x300.jpg 225w\" sizes=\"auto, (max-width: 240px) 100vw, 240px\" \/><figcaption class=\"wp-element-caption\">Frank og Ulla<\/figcaption><\/figure>\n\n\n\n<figure class=\"wp-block-image size-large\"><img loading=\"lazy\" decoding=\"async\" width=\"320\" height=\"240\" data-id=\"132\" src=\"https:\/\/familien-oestergaard.dk\/wp-content\/uploads\/2024\/09\/IMG_0189.jpg\" alt=\"\" class=\"wp-image-132\" srcset=\"https:\/\/familien-oestergaard.dk\/wp-content\/uploads\/2024\/09\/IMG_0189.jpg 320w, https:\/\/familien-oestergaard.dk\/wp-content\/uploads\/2024\/09\/IMG_0189-300x225.jpg 300w\" sizes=\"auto, (max-width: 320px) 100vw, 320px\" \/><figcaption class=\"wp-element-caption\">Torkill<\/figcaption><\/figure>\n\n\n\n<figure class=\"wp-block-image size-large\"><img loading=\"lazy\" decoding=\"async\" width=\"320\" height=\"240\" data-id=\"133\" src=\"https:\/\/familien-oestergaard.dk\/wp-content\/uploads\/2024\/09\/IMG_0190.jpg\" alt=\"\" class=\"wp-image-133\" srcset=\"https:\/\/familien-oestergaard.dk\/wp-content\/uploads\/2024\/09\/IMG_0190.jpg 320w, https:\/\/familien-oestergaard.dk\/wp-content\/uploads\/2024\/09\/IMG_0190-300x225.jpg 300w\" sizes=\"auto, (max-width: 320px) 100vw, 320px\" \/><\/figure>\n\n\n\n<figure class=\"wp-block-image size-large\"><img loading=\"lazy\" decoding=\"async\" width=\"320\" height=\"240\" data-id=\"128\" src=\"https:\/\/familien-oestergaard.dk\/wp-content\/uploads\/2024\/09\/IMG_0191.jpg\" alt=\"\" class=\"wp-image-128\" srcset=\"https:\/\/familien-oestergaard.dk\/wp-content\/uploads\/2024\/09\/IMG_0191.jpg 320w, https:\/\/familien-oestergaard.dk\/wp-content\/uploads\/2024\/09\/IMG_0191-300x225.jpg 300w\" sizes=\"auto, (max-width: 320px) 100vw, 320px\" \/><\/figure>\n\n\n\n<figure class=\"wp-block-image size-large\"><img loading=\"lazy\" decoding=\"async\" width=\"320\" height=\"240\" data-id=\"131\" src=\"https:\/\/familien-oestergaard.dk\/wp-content\/uploads\/2024\/09\/IMG_0329-rotated.jpg\" alt=\"\" class=\"wp-image-131\" srcset=\"https:\/\/familien-oestergaard.dk\/wp-content\/uploads\/2024\/09\/IMG_0329-rotated.jpg 320w, https:\/\/familien-oestergaard.dk\/wp-content\/uploads\/2024\/09\/IMG_0329-300x225.jpg 300w\" sizes=\"auto, (max-width: 320px) 100vw, 320px\" \/><figcaption class=\"wp-element-caption\">Kaj, Frank, Ulla og Henning<\/figcaption><\/figure>\n\n\n\n<figure class=\"wp-block-image size-large\"><img loading=\"lazy\" decoding=\"async\" width=\"320\" height=\"240\" data-id=\"142\" src=\"https:\/\/familien-oestergaard.dk\/wp-content\/uploads\/2024\/09\/IMG_0330.jpg\" alt=\"\" class=\"wp-image-142\" srcset=\"https:\/\/familien-oestergaard.dk\/wp-content\/uploads\/2024\/09\/IMG_0330.jpg 320w, https:\/\/familien-oestergaard.dk\/wp-content\/uploads\/2024\/09\/IMG_0330-300x225.jpg 300w\" sizes=\"auto, (max-width: 320px) 100vw, 320px\" \/><figcaption class=\"wp-element-caption\">Karen Margrethe, Kaj, Frank og Ulla<\/figcaption><\/figure>\n\n\n\n<figure class=\"wp-block-image size-large\"><img loading=\"lazy\" decoding=\"async\" width=\"320\" height=\"240\" data-id=\"135\" src=\"https:\/\/familien-oestergaard.dk\/wp-content\/uploads\/2024\/09\/IMG_0331.jpg\" alt=\"\" class=\"wp-image-135\" srcset=\"https:\/\/familien-oestergaard.dk\/wp-content\/uploads\/2024\/09\/IMG_0331.jpg 320w, https:\/\/familien-oestergaard.dk\/wp-content\/uploads\/2024\/09\/IMG_0331-300x225.jpg 300w\" sizes=\"auto, (max-width: 320px) 100vw, 320px\" \/><figcaption class=\"wp-element-caption\">Karen Margrethe og Kaj<\/figcaption><\/figure>\n\n\n\n<figure class=\"wp-block-image size-large\"><img loading=\"lazy\" decoding=\"async\" width=\"320\" height=\"240\" data-id=\"130\" src=\"https:\/\/familien-oestergaard.dk\/wp-content\/uploads\/2024\/09\/IMG_0335-rotated.jpg\" alt=\"\" class=\"wp-image-130\" srcset=\"https:\/\/familien-oestergaard.dk\/wp-content\/uploads\/2024\/09\/IMG_0335-rotated.jpg 320w, https:\/\/familien-oestergaard.dk\/wp-content\/uploads\/2024\/09\/IMG_0335-300x225.jpg 300w\" sizes=\"auto, (max-width: 320px) 100vw, 320px\" \/><figcaption class=\"wp-element-caption\">En dejlig dag ved stranden<\/figcaption><\/figure>\n\n\n\n<figure class=\"wp-block-image size-large\"><img loading=\"lazy\" decoding=\"async\" width=\"320\" height=\"240\" data-id=\"134\" src=\"https:\/\/familien-oestergaard.dk\/wp-content\/uploads\/2024\/09\/IMG_0336-rotated.jpg\" alt=\"\" class=\"wp-image-134\" srcset=\"https:\/\/familien-oestergaard.dk\/wp-content\/uploads\/2024\/09\/IMG_0336-rotated.jpg 320w, https:\/\/familien-oestergaard.dk\/wp-content\/uploads\/2024\/09\/IMG_0336-300x225.jpg 300w\" sizes=\"auto, (max-width: 320px) 100vw, 320px\" \/><figcaption class=\"wp-element-caption\">Bilerne kom ned ad bakken <br>&#8211; mon de kan komme op igen?<\/figcaption><\/figure>\n\n\n\n<figure class=\"wp-block-image size-large\"><img loading=\"lazy\" decoding=\"async\" width=\"320\" height=\"240\" data-id=\"136\" src=\"https:\/\/familien-oestergaard.dk\/wp-content\/uploads\/2024\/09\/IMG_0338-rotated.jpg\" alt=\"\" class=\"wp-image-136\" srcset=\"https:\/\/familien-oestergaard.dk\/wp-content\/uploads\/2024\/09\/IMG_0338-rotated.jpg 320w, https:\/\/familien-oestergaard.dk\/wp-content\/uploads\/2024\/09\/IMG_0338-300x225.jpg 300w\" sizes=\"auto, (max-width: 320px) 100vw, 320px\" \/><figcaption class=\"wp-element-caption\">Traditionen tro spises der sm\u00f8rrebr\u00f8d<\/figcaption><\/figure>\n\n\n\n<figure class=\"wp-block-image size-large\"><img loading=\"lazy\" decoding=\"async\" width=\"320\" height=\"240\" data-id=\"137\" src=\"https:\/\/familien-oestergaard.dk\/wp-content\/uploads\/2024\/09\/IMG_0339-rotated.jpg\" alt=\"\" class=\"wp-image-137\" srcset=\"https:\/\/familien-oestergaard.dk\/wp-content\/uploads\/2024\/09\/IMG_0339-rotated.jpg 320w, https:\/\/familien-oestergaard.dk\/wp-content\/uploads\/2024\/09\/IMG_0339-300x225.jpg 300w\" sizes=\"auto, (max-width: 320px) 100vw, 320px\" \/><figcaption class=\"wp-element-caption\">Vibeke, Linne og John<\/figcaption><\/figure>\n\n\n\n<figure class=\"wp-block-image size-large\"><img loading=\"lazy\" decoding=\"async\" width=\"320\" height=\"240\" data-id=\"140\" src=\"https:\/\/familien-oestergaard.dk\/wp-content\/uploads\/2024\/09\/IMG_0340-rotated.jpg\" alt=\"\" class=\"wp-image-140\" srcset=\"https:\/\/familien-oestergaard.dk\/wp-content\/uploads\/2024\/09\/IMG_0340-rotated.jpg 320w, https:\/\/familien-oestergaard.dk\/wp-content\/uploads\/2024\/09\/IMG_0340-300x225.jpg 300w\" sizes=\"auto, (max-width: 320px) 100vw, 320px\" \/><figcaption class=\"wp-element-caption\">Torkill og Kirsten<\/figcaption><\/figure>\n\n\n\n<figure class=\"wp-block-image size-large\"><img loading=\"lazy\" decoding=\"async\" width=\"320\" height=\"240\" data-id=\"144\" src=\"https:\/\/familien-oestergaard.dk\/wp-content\/uploads\/2024\/09\/IMG_0341-rotated.jpg\" alt=\"\" class=\"wp-image-144\" srcset=\"https:\/\/familien-oestergaard.dk\/wp-content\/uploads\/2024\/09\/IMG_0341-rotated.jpg 320w, https:\/\/familien-oestergaard.dk\/wp-content\/uploads\/2024\/09\/IMG_0341-300x225.jpg 300w\" sizes=\"auto, (max-width: 320px) 100vw, 320px\" \/><figcaption class=\"wp-element-caption\">Klaus, Ragnhild og Torkill<\/figcaption><\/figure>\n\n\n\n<figure class=\"wp-block-image size-large\"><img loading=\"lazy\" decoding=\"async\" width=\"320\" height=\"240\" data-id=\"124\" src=\"https:\/\/familien-oestergaard.dk\/wp-content\/uploads\/2024\/09\/IMG_0342-rotated.jpg\" alt=\"\" class=\"wp-image-124\" srcset=\"https:\/\/familien-oestergaard.dk\/wp-content\/uploads\/2024\/09\/IMG_0342-rotated.jpg 320w, https:\/\/familien-oestergaard.dk\/wp-content\/uploads\/2024\/09\/IMG_0342-300x225.jpg 300w\" sizes=\"auto, (max-width: 320px) 100vw, 320px\" \/><figcaption class=\"wp-element-caption\">Randi, Lillian og Lars<\/figcaption><\/figure>\n\n\n\n<figure class=\"wp-block-image size-large\"><img loading=\"lazy\" decoding=\"async\" width=\"320\" height=\"240\" data-id=\"125\" src=\"https:\/\/familien-oestergaard.dk\/wp-content\/uploads\/2024\/09\/IMG_0343-1-rotated.jpg\" alt=\"\" class=\"wp-image-125\" srcset=\"https:\/\/familien-oestergaard.dk\/wp-content\/uploads\/2024\/09\/IMG_0343-1-rotated.jpg 320w, https:\/\/familien-oestergaard.dk\/wp-content\/uploads\/2024\/09\/IMG_0343-1-300x225.jpg 300w\" sizes=\"auto, (max-width: 320px) 100vw, 320px\" \/><figcaption class=\"wp-element-caption\">Lige ankommet til hytten<\/figcaption><\/figure>\n\n\n\n<figure class=\"wp-block-image size-large\"><img loading=\"lazy\" decoding=\"async\" width=\"240\" height=\"320\" data-id=\"143\" src=\"https:\/\/familien-oestergaard.dk\/wp-content\/uploads\/2024\/09\/IMG_0346-rotated.jpg\" alt=\"\" class=\"wp-image-143\" srcset=\"https:\/\/familien-oestergaard.dk\/wp-content\/uploads\/2024\/09\/IMG_0346-rotated.jpg 240w, https:\/\/familien-oestergaard.dk\/wp-content\/uploads\/2024\/09\/IMG_0346-225x300.jpg 225w\" sizes=\"auto, (max-width: 240px) 100vw, 240px\" \/><figcaption class=\"wp-element-caption\">John havde hejst flaget, skjult bag tr\u00e6toppene<\/figcaption><\/figure>\n\n\n\n<figure class=\"wp-block-image size-large\"><img loading=\"lazy\" decoding=\"async\" width=\"320\" height=\"240\" data-id=\"126\" src=\"https:\/\/familien-oestergaard.dk\/wp-content\/uploads\/2024\/09\/IMG_0347-rotated.jpg\" alt=\"\" class=\"wp-image-126\" srcset=\"https:\/\/familien-oestergaard.dk\/wp-content\/uploads\/2024\/09\/IMG_0347-rotated.jpg 320w, https:\/\/familien-oestergaard.dk\/wp-content\/uploads\/2024\/09\/IMG_0347-300x225.jpg 300w\" sizes=\"auto, (max-width: 320px) 100vw, 320px\" \/><\/figure>\n\n\n\n<figure class=\"wp-block-image size-large\"><img loading=\"lazy\" decoding=\"async\" width=\"320\" height=\"240\" data-id=\"129\" src=\"https:\/\/familien-oestergaard.dk\/wp-content\/uploads\/2024\/09\/IMG_0678-rotated.jpg\" alt=\"\" class=\"wp-image-129\" srcset=\"https:\/\/familien-oestergaard.dk\/wp-content\/uploads\/2024\/09\/IMG_0678-rotated.jpg 320w, https:\/\/familien-oestergaard.dk\/wp-content\/uploads\/2024\/09\/IMG_0678-300x225.jpg 300w\" sizes=\"auto, (max-width: 320px) 100vw, 320px\" \/><figcaption class=\"wp-element-caption\">John, Claus, Ulla og Linne<\/figcaption><\/figure>\n\n\n\n<figure class=\"wp-block-image size-large\"><img loading=\"lazy\" decoding=\"async\" width=\"320\" height=\"240\" data-id=\"145\" src=\"https:\/\/familien-oestergaard.dk\/wp-content\/uploads\/2024\/09\/IMG_0679-rotated.jpg\" alt=\"\" class=\"wp-image-145\" srcset=\"https:\/\/familien-oestergaard.dk\/wp-content\/uploads\/2024\/09\/IMG_0679-rotated.jpg 320w, https:\/\/familien-oestergaard.dk\/wp-content\/uploads\/2024\/09\/IMG_0679-300x225.jpg 300w\" sizes=\"auto, (max-width: 320px) 100vw, 320px\" \/><\/figure>\n<\/figure>\n\n\n\n<p><\/p>\n","protected":false},"excerpt":{"rendered":"<p>Vi var kun 15 i \u00e5r, men Birgit ville gerne have v\u00e6ret med&#8230;. Karen Margrethe &amp; Kaj Randi, Lillian Torkill og Ragnhild, John, Lars, Ulla &amp; Henning, Claus Kirsten, Frank &amp; Vibeke, Linne<\/p>\n","protected":false},"author":2,"featured_media":0,"parent":0,"menu_order":0,"comment_status":"closed","ping_status":"closed","template":"","meta":{"_uag_custom_page_level_css":"","footnotes":""},"class_list":["post-120","page","type-page","status-publish"],"uagb_featured_image_src":{"full":false,"thumbnail":false,"medium":false,"medium_large":false,"large":false,"1536x1536":false,"2048x2048":false},"uagb_author_info":{"display_name":"Linne Dockweiler","author_link":"https:\/\/familien-oestergaard.dk\/?author=2"},"uagb_comment_info":0,"uagb_excerpt":"Vi var kun 15 i \u00e5r, men Birgit ville gerne have v\u00e6ret med&#8230;. Karen Margrethe &amp; Kaj Randi, Lillian Torkill og Ragnhild, John, Lars, Ulla &amp; Henning, Claus Kirsten, Frank &amp; Vibeke, Linne","_links":{"self":[{"href":"https:\/\/familien-oestergaard.dk\/index.php?rest_route=\/wp\/v2\/pages\/120","targetHints":{"allow":["GET"]}}],"collection":[{"href":"https:\/\/familien-oestergaard.dk\/index.php?rest_route=\/wp\/v2\/pages"}],"about":[{"href":"https:\/\/familien-oestergaard.dk\/index.php?rest_route=\/wp\/v2\/types\/page"}],"author":[{"embeddable":true,"href":"https:\/\/familien-oestergaard.dk\/index.php?rest_route=\/wp\/v2\/users\/2"}],"replies":[{"embeddable":true,"href":"https:\/\/familien-oestergaard.dk\/index.php?rest_route=%2Fwp%2Fv2%2Fcomments&post=120"}],"version-history":[{"count":7,"href":"https:\/\/familien-oestergaard.dk\/index.php?rest_route=\/wp\/v2\/pages\/120\/revisions"}],"predecessor-version":[{"id":478,"href":"https:\/\/familien-oestergaard.dk\/index.php?rest_route=\/wp\/v2\/pages\/120\/revisions\/478"}],"wp:attachment":[{"href":"https:\/\/familien-oestergaard.dk\/index.php?rest_route=%2Fwp%2Fv2%2Fmedia&parent=120"}],"curies":[{"name":"wp","href":"https:\/\/api.w.org\/{rel}","templated":true}]}}