{"id":149,"date":"2024-09-11T17:41:43","date_gmt":"2024-09-11T17:41:43","guid":{"rendered":"https:\/\/familien-oestergaard.dk\/?page_id=149"},"modified":"2025-08-19T17:01:00","modified_gmt":"2025-08-19T17:01:00","slug":"knud","status":"publish","type":"page","link":"https:\/\/familien-oestergaard.dk\/?page_id=149","title":{"rendered":"Knud"},"content":{"rendered":"\n<p><strong>Knud M\u00f8ller \u00d8stergaard f\u00f8dt 13. september 1937&nbsp;<\/strong>gift 13. maj 1961 med Lizy Bach f\u00f8dt 13. juli 1939. D\u00f8d 15 august 2022, bis\u00e6ttelse \u00d8rum 24. August 2022. <\/p>\n\n\n\n<p>Sammen har de 2 b\u00f8rn:<\/p>\n\n\n\n<p>______________________________________________________________________________________________________________________________________________________________<\/p>\n\n\n\n<p><\/p>\n\n\n\n<p><strong>Preben M\u00f8ller \u00d8stergaard f\u00f8dt 19. november 1962<\/strong>&nbsp;<\/p>\n\n\n\n<p>Har fra tidligere forhold 4 b\u00f8rn: <\/p>\n\n\n\n<ol class=\"wp-block-list\">\n<li><strong>Pernille Bak Riisager f. \u00d8stergaard<\/strong> f\u00f8dt 15. februar 1994 gift 14. september 2024 med Kasper Henneberg Riisager f\u00f8dt 10. maj 1994.<\/li>\n<\/ol>\n\n\n\n<p>Sammen har de f\u00e5et 2 b\u00f8rn: <\/p>\n\n\n\n<ol class=\"wp-block-list\">\n<li><strong>Felix Bak Riisager f\u00f8dt 26. September 2019<\/strong><\/li>\n\n\n\n<li><strong>Sarah Bak Riisager f\u00f8dt 24. marts 2024<\/strong><\/li>\n<\/ol>\n\n\n\n<p>2. <strong>Henriette Bak \u00d8stergaard f\u00f8dt 9. september 1996<\/strong><\/p>\n\n\n\n<p><\/p>\n\n\n\n<p>3. <strong>Anders Bak \u00d8stergaard f\u00f8dt 8. marts 1998<\/strong><\/p>\n\n\n\n<p><\/p>\n\n\n\n<p>4. <strong>Cecilie Bak \u00d8stergaard f\u00f8dt 16. januar 2001<\/strong> der sammen med Mathias Rasmussen har f\u00e5et<\/p>\n\n\n\n<ol class=\"wp-block-list\">\n<li><strong>Milas 10. februar 2024<\/strong><\/li>\n<\/ol>\n\n\n\n<p>______________________________________________________________________________________________________________________________________________________________<\/p>\n\n\n\n<p><strong>Jens M\u00f8ller \u00d8stergaard f\u00f8dt 5. november 1966 gift 21. Maj 2022&nbsp;<\/strong>med Anette Phil Nielsen. <\/p>\n\n\n\n<p>Jens har tre b\u00f8rn fra tidligere forhold og&nbsp;Anette har et barn:<\/p>\n\n\n\n<ol class=\"wp-block-list\">\n<li><strong>Kamilla \u00d8stergaard R\u00f8nne f. Olsen f\u00f8dt 30. august 1994<\/strong> gift 7. oktober 2023 med Frederik M\u00f8lb\u00e6k R\u00f8nne f. 24. januar 1995. Sammen har de datteren\n<ol class=\"wp-block-list\">\n<li><strong>Viola R\u00f8nne f\u00f8dt 6. april 2025<\/strong><\/li>\n<\/ol>\n<\/li>\n\n\n\n<li><strong>Oliver Mattson \u00d8stergaard f\u00f8dt 23. oktober 2003<\/strong><\/li>\n\n\n\n<li><strong>Olivia Mattson \u00d8stergaard f\u00f8dt 27. august 2006<\/strong><\/li>\n<\/ol>\n\n\n\n<p>______________________________________________________________________________________________________________________________________________________________<\/p>\n\n\n\n<div class=\"wp-block-columns is-layout-flex wp-container-core-columns-is-layout-9d6595d7 wp-block-columns-is-layout-flex\">\n<div class=\"wp-block-column is-layout-flow wp-block-column-is-layout-flow\">\n<figure class=\"wp-block-image size-full\"><img loading=\"lazy\" decoding=\"async\" width=\"750\" height=\"560\" src=\"https:\/\/familien-oestergaard.dk\/wp-content\/uploads\/2024\/09\/knud-1.jpg\" alt=\"\" class=\"wp-image-152\" srcset=\"https:\/\/familien-oestergaard.dk\/wp-content\/uploads\/2024\/09\/knud-1.jpg 750w, https:\/\/familien-oestergaard.dk\/wp-content\/uploads\/2024\/09\/knud-1-300x224.jpg 300w\" sizes=\"auto, (max-width: 750px) 100vw, 750px\" \/><\/figure>\n\n\n\n<p><em><strong>Knud \u00d8stergaard var engageret til det sidste: Et langt og aktivt liv i \u00d8rum er slut<\/strong><\/em><\/p>\n\n\n\n<h2 class=\"wp-block-heading\"><strong>Nekrolog<\/strong><\/h2>\n\n\n\n<p><em>Tidligere \u00f8konomidirekt\u00f8r Knud M\u00f8ller \u00d8stergaard, der d\u00f8de den 15. august som n\u00e6sten 85-\u00e5rig, f\u00f8rte et ualmindeligt aktivt liv i sin hjemby \u00d8rum gennem mange \u00e5r.&nbsp;<br>Han var \u00f8konomidirekt\u00f8r i den dav\u00e6rende Tjele Kommune i n\u00e6sten hele sit arbejdsliv &#8211; en stor del af tiden var titlen kommune-bogholder, men han var alts\u00e5 manden, der holdt styr p\u00e5, at den kommunale \u00f8konomi ikke kom i uf\u00f8re.&nbsp;<\/em><\/p>\n\n\n\n<p><em>Allerede i 1963 blev han ansat som den administrative leder &#8211; det hed dengang k\u00e6mner &#8211; i den dav\u00e6rende sognekommune \u00d8rum-Viskum-Vejrum. Han er f\u00f8dt i Ullits i Fars\u00f8 den 13. september 1937, s\u00e5 han var kun 25-26 \u00e5r p\u00e5 det tidspunkt, og i en avisartikel fra dengang bliver han betegnet som Danmarks yngste k\u00e6mner. I 1970 blev Tjele &#8220;storkommune&#8221; skabt ved en sammenl\u00e6gning af fem sm\u00e5 sognekommuner. <\/em><\/p>\n<\/div>\n\n\n\n<div class=\"wp-block-column is-layout-flow wp-block-column-is-layout-flow\">\n<p><em>Det var en anden tid, da der ikke var mange administrative medarbejdere i kommunerne, men Knud \u00d8stergaard blev fra begyndelsen ansvarlig for \u00f8konomien i Tjele Kommune og varetog denne opgave helt frem til, at han gik p\u00e5 pension i 1999. Det var et fast indslag p\u00e5 kommunalbestyrelsens \u00e5rlige budgetm\u00f8der, at Knud \u00d8stergaard med pegepinden i h\u00e5nden redegjorde for kommunens \u00f8konomiske stilling.&nbsp;<\/em><\/p>\n\n\n\n<p><em>Som valgtilforordnet var han ogs\u00e5 i funktion fra morgen til sen aften ved samtlige kommunalvalg og folketingsvalg i sin tid som kommunal chef.I fritiden havde han travlt med mange g\u00f8rem\u00e5l i sit lokalsamfund. Han var tilknyttet FDF i \u00d8rum gennem mange \u00e5r og stod i en \u00e5rr\u00e6kke for udlejningen af FDF-hytten i Torsager. I mange \u00e5r var han kasserer for kirkekassen i Viskum Sogn, og i en lang \u00e5rr\u00e6kke var han ogs\u00e5 formand eller bestyrelsesmedlem for varmev\u00e6rket og var blandt andet med til at l\u00e6gge v\u00e6rket om til kraftvarmeproduktion. Han var ogs\u00e5 aktiv i Tjeleegnens Lokalhistoriske Arkiv og den lokalhistoriske forening samt i \u00d8rum Forsamlingshus, hvor han var involveret i at f\u00e5 reddet huset gennem \u00f8konomiske problemer, ligesom han var med til at arrangere sangaftener i en l\u00e6ngere periode.<br><br>Knud \u00d8stergaard var aktiv i H\u00f8jvangens Venner &#8211; st\u00f8tteforeningen for det lokale plejehjem &#8211; og var helt frem til marts i \u00e5r foreningens kasserer.<\/em> <em>Ogs\u00e5 institutionen Fynbohus i Vammen havde hans bev\u00e5genhed. Han havde en bror, som p\u00e5 et tidspunkt blev beboer p\u00e5 Fynbohus, og Knud <\/em><\/p>\n<\/div>\n\n\n\n<div class=\"wp-block-column is-layout-flow wp-block-column-is-layout-flow\">\n<p><em>\u00d8stergaard og hans hustru Lizy \u00d8stergaard var ogs\u00e5 aktive her gennem en \u00e5rr\u00e6kke.<\/em><\/p>\n\n\n\n<p><em>Det var et ualmindeligt stort arbejde, han lagde i sit lokalsamfund, og han havde en stor ber\u00f8ringsflade med rigtig mange mennesker. Ved Knuds side stod Lizy, som han blev gift med i 1961.<br>Hun var med i mange af aktiviteterne. Ud over det frivillige arbejde overkom Knud \u00d8stergaard ogs\u00e5 at passe parrets have til perfektion, og hun overtog ogs\u00e5 det arbejde, da han blev for syg til at overkomme det.<br><br>Knud \u00d8stergaard blev syg for en del \u00e5r siden, da han fik problemer med nyrerne. Han fik senere konstateret kr\u00e6ft, som han levede med i mange \u00e5r. Da det begyndte at g\u00e5 ned ad bakke med helbredet, kunne Knud \u00d8stergaard ved hj\u00e6lp af sin rollator komme rundt indtil kort f\u00f8r sin d\u00f8d og han var frisk i hovedet til det sidste.<br><br>Det var vigtigt for ham at f\u00e5 en af sine s\u00f8nners bryllup med her i for\u00e5ret og ogs\u00e5 at f\u00e5 et familietr\u00e6f med bes\u00f8g af familie fra USA med inden sin d\u00f8d. Det blev holdt s\u00e5 sent som den 25. juni, og det var han meget engageret i.&nbsp;<br><br>Han efterlader sig ud over Lizy to s\u00f8nner, syv b\u00f8rneb\u00f8rn og nogle bonusb\u00f8rneb\u00f8rn samt et oldebarn.<\/em><\/p>\n<\/div>\n<\/div>\n\n\n\n<p><em><br><br><br><br><br><br><br><\/em><\/p>\n\n\n\n<p><\/p>\n","protected":false},"excerpt":{"rendered":"<p>Knud M\u00f8ller \u00d8stergaard f\u00f8dt 13. september 1937&nbsp;gift 13. maj 1961 med Lizy Bach f\u00f8dt 13. juli 1939. D\u00f8d 15 august 2022, bis\u00e6ttelse \u00d8rum 24. August 2022. Sammen har de 2 b\u00f8rn: ______________________________________________________________________________________________________________________________________________________________ Preben M\u00f8ller \u00d8stergaard f\u00f8dt 19. november 1962&nbsp; Har fra tidligere forhold 4 b\u00f8rn: Sammen har de f\u00e5et 2 b\u00f8rn: 2. Henriette Bak \u00d8stergaard &#8230; <a title=\"Knud\" class=\"read-more\" href=\"https:\/\/familien-oestergaard.dk\/?page_id=149\" aria-label=\"Read more about Knud\">L\u00e6s mere <\/a><\/p>\n","protected":false},"author":2,"featured_media":0,"parent":0,"menu_order":0,"comment_status":"closed","ping_status":"closed","template":"","meta":{"_uag_custom_page_level_css":"","footnotes":""},"class_list":["post-149","page","type-page","status-publish"],"uagb_featured_image_src":{"full":false,"thumbnail":false,"medium":false,"medium_large":false,"large":false,"1536x1536":false,"2048x2048":false},"uagb_author_info":{"display_name":"Linne Dockweiler","author_link":"https:\/\/familien-oestergaard.dk\/?author=2"},"uagb_comment_info":0,"uagb_excerpt":"Knud M\u00f8ller \u00d8stergaard f\u00f8dt 13. september 1937&nbsp;gift 13. maj 1961 med Lizy Bach f\u00f8dt 13. juli 1939. D\u00f8d 15 august 2022, bis\u00e6ttelse \u00d8rum 24. August 2022. Sammen har de 2 b\u00f8rn: ______________________________________________________________________________________________________________________________________________________________ Preben M\u00f8ller \u00d8stergaard f\u00f8dt 19. november 1962&nbsp; Har fra tidligere forhold 4 b\u00f8rn: Sammen har de f\u00e5et 2 b\u00f8rn: 2. Henriette Bak \u00d8stergaard&hellip;","_links":{"self":[{"href":"https:\/\/familien-oestergaard.dk\/index.php?rest_route=\/wp\/v2\/pages\/149","targetHints":{"allow":["GET"]}}],"collection":[{"href":"https:\/\/familien-oestergaard.dk\/index.php?rest_route=\/wp\/v2\/pages"}],"about":[{"href":"https:\/\/familien-oestergaard.dk\/index.php?rest_route=\/wp\/v2\/types\/page"}],"author":[{"embeddable":true,"href":"https:\/\/familien-oestergaard.dk\/index.php?rest_route=\/wp\/v2\/users\/2"}],"replies":[{"embeddable":true,"href":"https:\/\/familien-oestergaard.dk\/index.php?rest_route=%2Fwp%2Fv2%2Fcomments&post=149"}],"version-history":[{"count":9,"href":"https:\/\/familien-oestergaard.dk\/index.php?rest_route=\/wp\/v2\/pages\/149\/revisions"}],"predecessor-version":[{"id":491,"href":"https:\/\/familien-oestergaard.dk\/index.php?rest_route=\/wp\/v2\/pages\/149\/revisions\/491"}],"wp:attachment":[{"href":"https:\/\/familien-oestergaard.dk\/index.php?rest_route=%2Fwp%2Fv2%2Fmedia&parent=149"}],"curies":[{"name":"wp","href":"https:\/\/api.w.org\/{rel}","templated":true}]}}