{"id":158,"date":"2024-09-11T17:53:49","date_gmt":"2024-09-11T17:53:49","guid":{"rendered":"https:\/\/familien-oestergaard.dk\/?page_id=158"},"modified":"2024-09-12T16:56:11","modified_gmt":"2024-09-12T16:56:11","slug":"grethe","status":"publish","type":"page","link":"https:\/\/familien-oestergaard.dk\/?page_id=158","title":{"rendered":"Grethe"},"content":{"rendered":"\n<p><strong>Anne Margrethe H\u00f8je Quottrup f. \u00d8stergaard (Grethe) f\u00f8dt 7. oktober 1939<\/strong> (d\u00f8d 15. december 2023)&nbsp;gift 30. marts 1961  med Kaj Quottrup f\u00f8dt 14. april 1938 (d\u00f8d 20. september 2015)<\/p>\n\n\n\n<p>Sammen fik de 2 b\u00f8rn:<\/p>\n\n\n\n<p>______________________________________________________________________________________________________________________________________________________________<\/p>\n\n\n\n<p><\/p>\n\n\n\n<p><strong>Carsten Quottrup f\u00f8dt 18. oktober 1962<\/strong>&nbsp;gift 6. oktober 2011 med Tina Quottrup f. Jensen<\/p>\n\n\n\n<p><\/p>\n\n\n\n<p>______________________________________________________________________________________________________________________________________________________________<\/p>\n\n\n\n<p><\/p>\n\n\n\n<p><strong>Lene Quottrup f\u00f8dt 21. maj 1968 gift 22. juni 2024 med Bjarne Holgersen<\/strong><\/p>\n\n\n\n<p>Har fra tidligere forhold 2 b\u00f8rn:<\/p>\n\n\n\n<ol class=\"wp-block-list\">\n<li><strong>Emilie Quottrup Adelhardt f\u00f8dt 12. oktober 1993<\/strong><\/li>\n\n\n\n<li><strong>Simone Quottrup Adelhardt f\u00f8dt 23. april 1996<\/strong><\/li>\n<\/ol>\n","protected":false},"excerpt":{"rendered":"<p>Anne Margrethe H\u00f8je Quottrup f. \u00d8stergaard (Grethe) f\u00f8dt 7. oktober 1939 (d\u00f8d 15. december 2023)&nbsp;gift 30. marts 1961 med Kaj Quottrup f\u00f8dt 14. april 1938 (d\u00f8d 20. september 2015) Sammen fik de 2 b\u00f8rn: ______________________________________________________________________________________________________________________________________________________________ Carsten Quottrup f\u00f8dt 18. oktober 1962&nbsp;gift 6. oktober 2011 med Tina Quottrup f. Jensen ______________________________________________________________________________________________________________________________________________________________ Lene Quottrup f\u00f8dt 21. maj &#8230; <a title=\"Grethe\" class=\"read-more\" href=\"https:\/\/familien-oestergaard.dk\/?page_id=158\" aria-label=\"Read more about Grethe\">L\u00e6s mere <\/a><\/p>\n","protected":false},"author":2,"featured_media":0,"parent":0,"menu_order":0,"comment_status":"closed","ping_status":"closed","template":"","meta":{"_uag_custom_page_level_css":"","footnotes":""},"class_list":["post-158","page","type-page","status-publish"],"uagb_featured_image_src":{"full":false,"thumbnail":false,"medium":false,"medium_large":false,"large":false,"1536x1536":false,"2048x2048":false},"uagb_author_info":{"display_name":"Linne Dockweiler","author_link":"https:\/\/familien-oestergaard.dk\/?author=2"},"uagb_comment_info":0,"uagb_excerpt":"Anne Margrethe H\u00f8je Quottrup f. \u00d8stergaard (Grethe) f\u00f8dt 7. oktober 1939 (d\u00f8d 15. december 2023)&nbsp;gift 30. marts 1961 med Kaj Quottrup f\u00f8dt 14. april 1938 (d\u00f8d 20. september 2015) Sammen fik de 2 b\u00f8rn: ______________________________________________________________________________________________________________________________________________________________ Carsten Quottrup f\u00f8dt 18. oktober 1962&nbsp;gift 6. oktober 2011 med Tina Quottrup f. Jensen ______________________________________________________________________________________________________________________________________________________________ Lene Quottrup f\u00f8dt 21. maj&hellip;","_links":{"self":[{"href":"https:\/\/familien-oestergaard.dk\/index.php?rest_route=\/wp\/v2\/pages\/158","targetHints":{"allow":["GET"]}}],"collection":[{"href":"https:\/\/familien-oestergaard.dk\/index.php?rest_route=\/wp\/v2\/pages"}],"about":[{"href":"https:\/\/familien-oestergaard.dk\/index.php?rest_route=\/wp\/v2\/types\/page"}],"author":[{"embeddable":true,"href":"https:\/\/familien-oestergaard.dk\/index.php?rest_route=\/wp\/v2\/users\/2"}],"replies":[{"embeddable":true,"href":"https:\/\/familien-oestergaard.dk\/index.php?rest_route=%2Fwp%2Fv2%2Fcomments&post=158"}],"version-history":[{"count":5,"href":"https:\/\/familien-oestergaard.dk\/index.php?rest_route=\/wp\/v2\/pages\/158\/revisions"}],"predecessor-version":[{"id":188,"href":"https:\/\/familien-oestergaard.dk\/index.php?rest_route=\/wp\/v2\/pages\/158\/revisions\/188"}],"wp:attachment":[{"href":"https:\/\/familien-oestergaard.dk\/index.php?rest_route=%2Fwp%2Fv2%2Fmedia&parent=158"}],"curies":[{"name":"wp","href":"https:\/\/api.w.org\/{rel}","templated":true}]}}