{"id":161,"date":"2024-09-11T17:54:33","date_gmt":"2024-09-11T17:54:33","guid":{"rendered":"https:\/\/familien-oestergaard.dk\/?page_id=161"},"modified":"2024-09-12T16:52:05","modified_gmt":"2024-09-12T16:52:05","slug":"peter","status":"publish","type":"page","link":"https:\/\/familien-oestergaard.dk\/?page_id=161","title":{"rendered":"Peter"},"content":{"rendered":"\n<p><strong>Peter H\u00f8je \u00d8stergaard f\u00f8dt 15. maj 1941<\/strong>\u00a0(d\u00f8d 4. april 2005)<\/p>\n","protected":false},"excerpt":{"rendered":"<p>Peter H\u00f8je \u00d8stergaard f\u00f8dt 15. maj 1941\u00a0(d\u00f8d 4. april 2005)<\/p>\n","protected":false},"author":2,"featured_media":0,"parent":0,"menu_order":0,"comment_status":"closed","ping_status":"closed","template":"","meta":{"_uag_custom_page_level_css":"","footnotes":""},"class_list":["post-161","page","type-page","status-publish"],"uagb_featured_image_src":{"full":false,"thumbnail":false,"medium":false,"medium_large":false,"large":false,"1536x1536":false,"2048x2048":false},"uagb_author_info":{"display_name":"Linne Dockweiler","author_link":"https:\/\/familien-oestergaard.dk\/?author=2"},"uagb_comment_info":0,"uagb_excerpt":"Peter H\u00f8je \u00d8stergaard f\u00f8dt 15. maj 1941\u00a0(d\u00f8d 4. april 2005)","_links":{"self":[{"href":"https:\/\/familien-oestergaard.dk\/index.php?rest_route=\/wp\/v2\/pages\/161","targetHints":{"allow":["GET"]}}],"collection":[{"href":"https:\/\/familien-oestergaard.dk\/index.php?rest_route=\/wp\/v2\/pages"}],"about":[{"href":"https:\/\/familien-oestergaard.dk\/index.php?rest_route=\/wp\/v2\/types\/page"}],"author":[{"embeddable":true,"href":"https:\/\/familien-oestergaard.dk\/index.php?rest_route=\/wp\/v2\/users\/2"}],"replies":[{"embeddable":true,"href":"https:\/\/familien-oestergaard.dk\/index.php?rest_route=%2Fwp%2Fv2%2Fcomments&post=161"}],"version-history":[{"count":3,"href":"https:\/\/familien-oestergaard.dk\/index.php?rest_route=\/wp\/v2\/pages\/161\/revisions"}],"predecessor-version":[{"id":184,"href":"https:\/\/familien-oestergaard.dk\/index.php?rest_route=\/wp\/v2\/pages\/161\/revisions\/184"}],"wp:attachment":[{"href":"https:\/\/familien-oestergaard.dk\/index.php?rest_route=%2Fwp%2Fv2%2Fmedia&parent=161"}],"curies":[{"name":"wp","href":"https:\/\/api.w.org\/{rel}","templated":true}]}}