{"id":164,"date":"2024-09-11T17:55:22","date_gmt":"2024-09-11T17:55:22","guid":{"rendered":"https:\/\/familien-oestergaard.dk\/?page_id=164"},"modified":"2024-09-12T16:57:00","modified_gmt":"2024-09-12T16:57:00","slug":"kirsten","status":"publish","type":"page","link":"https:\/\/familien-oestergaard.dk\/?page_id=164","title":{"rendered":"Kirsten"},"content":{"rendered":"\n<p><strong>Kirsten Bodil Marie \u00d8stergaard f\u00f8dt 21. maj 1945<\/strong> er samboende med Willy Wacker (Heiner) f\u00f8dt 15. februar 1941\u00a0i Ramsing, Salling i dag.<br><br>Hun har 2 b\u00f8rn fra tidligere \u00e6gteskab:<\/p>\n\n\n\n<p>______________________________________________________________________________________________________________________________________________________________<\/p>\n\n\n\n<p><\/p>\n\n\n\n<p id=\"text-grouped-div\"><strong>Frank Dockweiler f\u00f8dt 23. oktober 1966&nbsp;<\/strong>gift 9. maj 2002 i Tapdrup Kirke med Vibeke Kromand Dockweiler f. Larsen f\u00f8dt 24. januar 1961. <\/p>\n\n\n\n<p id=\"text-grouped-div\">Frank har 1 barn fra tidligere forhold og Vibeke har medbragt 1 barn i forholdet:<\/p>\n\n\n\n<p><\/p>\n\n\n\n<p><strong>Christian Dockweiler f\u00f8dt 9. april 1991<\/strong> samboende med Stine Langer Zachariassen f\u00f8dt 23. januar 1991<\/p>\n\n\n\n<p>Sammen har de 2 b\u00f8rn:<\/p>\n\n\n\n<ol class=\"wp-block-list\">\n<li><strong>Emilie Langer Dockweiler Zachariassen f\u00f8dt 7. oktober 2020<\/strong><\/li>\n\n\n\n<li><strong>Luna Langer Dockweiler Zachariassen f\u00f8dt 8. marts 2023<\/strong><\/li>\n<\/ol>\n\n\n\n<p>\u00a0 \u00a0 \u00a0 \u00a0<strong><br><\/strong>Sabina Kromand Dockweiler 7 april 1993<strong> <\/strong>samboende med Lukas Maagaard f\u00f8dt 30. juli 1993<\/p>\n\n\n\n<p>Sammen har de 3 b\u00f8rn:<\/p>\n\n\n\n<ol class=\"wp-block-list\">\n<li>Ollie Maagaard Kromand Dockweiler f\u00f8dt 15. april 2020<\/li>\n\n\n\n<li>Flora Maagaard Kromand Dockweiler f\u00f8dt 7. november 2022<\/li>\n\n\n\n<li>Olivia Maagaard Kromand Dockweiler f\u00f8dt 7. november 2022<\/li>\n<\/ol>\n\n\n\n<p><\/p>\n\n\n\n<p>______________________________________________________________________________________________________________________________________________________________<\/p>\n\n\n\n<p><\/p>\n\n\n\n<p><strong>Linne Dockweiler f\u00f8dt 23. november 1970&nbsp;<\/strong>gift med Alex Munch S\u00f8rensen f\u00f8dt 25. april 1968<\/p>\n\n\n\n<p>Sammen har de 2 b\u00f8rn:<\/p>\n\n\n\n<ol class=\"wp-block-list\">\n<li>Lukas Munch Dockweiler f\u00f8dt 25. januar 2002<\/li>\n\n\n\n<li>Ida Munch Dockweiler f\u00f8dt 19. oktober 2004<\/li>\n<\/ol>\n\n\n\n<p><\/p>\n","protected":false},"excerpt":{"rendered":"<p>Kirsten Bodil Marie \u00d8stergaard f\u00f8dt 21. maj 1945 er samboende med Willy Wacker (Heiner) f\u00f8dt 15. februar 1941\u00a0i Ramsing, Salling i dag. Hun har 2 b\u00f8rn fra tidligere \u00e6gteskab: ______________________________________________________________________________________________________________________________________________________________ Frank Dockweiler f\u00f8dt 23. oktober 1966&nbsp;gift 9. maj 2002 i Tapdrup Kirke med Vibeke Kromand Dockweiler f. Larsen f\u00f8dt 24. januar 1961. Frank har 1 &#8230; <a title=\"Kirsten\" class=\"read-more\" href=\"https:\/\/familien-oestergaard.dk\/?page_id=164\" aria-label=\"Read more about Kirsten\">L\u00e6s mere <\/a><\/p>\n","protected":false},"author":2,"featured_media":0,"parent":0,"menu_order":0,"comment_status":"closed","ping_status":"closed","template":"","meta":{"_uag_custom_page_level_css":"","footnotes":""},"class_list":["post-164","page","type-page","status-publish"],"uagb_featured_image_src":{"full":false,"thumbnail":false,"medium":false,"medium_large":false,"large":false,"1536x1536":false,"2048x2048":false},"uagb_author_info":{"display_name":"Linne Dockweiler","author_link":"https:\/\/familien-oestergaard.dk\/?author=2"},"uagb_comment_info":0,"uagb_excerpt":"Kirsten Bodil Marie \u00d8stergaard f\u00f8dt 21. maj 1945 er samboende med Willy Wacker (Heiner) f\u00f8dt 15. februar 1941\u00a0i Ramsing, Salling i dag. Hun har 2 b\u00f8rn fra tidligere \u00e6gteskab: ______________________________________________________________________________________________________________________________________________________________ Frank Dockweiler f\u00f8dt 23. oktober 1966&nbsp;gift 9. maj 2002 i Tapdrup Kirke med Vibeke Kromand Dockweiler f. Larsen f\u00f8dt 24. januar 1961. Frank har 1&hellip;","_links":{"self":[{"href":"https:\/\/familien-oestergaard.dk\/index.php?rest_route=\/wp\/v2\/pages\/164","targetHints":{"allow":["GET"]}}],"collection":[{"href":"https:\/\/familien-oestergaard.dk\/index.php?rest_route=\/wp\/v2\/pages"}],"about":[{"href":"https:\/\/familien-oestergaard.dk\/index.php?rest_route=\/wp\/v2\/types\/page"}],"author":[{"embeddable":true,"href":"https:\/\/familien-oestergaard.dk\/index.php?rest_route=\/wp\/v2\/users\/2"}],"replies":[{"embeddable":true,"href":"https:\/\/familien-oestergaard.dk\/index.php?rest_route=%2Fwp%2Fv2%2Fcomments&post=164"}],"version-history":[{"count":4,"href":"https:\/\/familien-oestergaard.dk\/index.php?rest_route=\/wp\/v2\/pages\/164\/revisions"}],"predecessor-version":[{"id":189,"href":"https:\/\/familien-oestergaard.dk\/index.php?rest_route=\/wp\/v2\/pages\/164\/revisions\/189"}],"wp:attachment":[{"href":"https:\/\/familien-oestergaard.dk\/index.php?rest_route=%2Fwp%2Fv2%2Fmedia&parent=164"}],"curies":[{"name":"wp","href":"https:\/\/api.w.org\/{rel}","templated":true}]}}