{"id":22,"date":"2024-08-22T09:00:43","date_gmt":"2024-08-22T09:00:43","guid":{"rendered":"https:\/\/familien-oestergaard.dk\/?page_id=22"},"modified":"2024-09-23T14:49:05","modified_gmt":"2024-09-23T14:49:05","slug":"stamtrae","status":"publish","type":"page","link":"https:\/\/familien-oestergaard.dk\/?page_id=22","title":{"rendered":"Nielsine H\u00f8je \u00d8stergaard f. Pedersen"},"content":{"rendered":"\n<div class=\"wp-block-media-text is-stacked-on-mobile\"><figure class=\"wp-block-media-text__media\"><img loading=\"lazy\" decoding=\"async\" width=\"324\" height=\"440\" src=\"https:\/\/familien-oestergaard.dk\/wp-content\/uploads\/2024\/09\/i282600889514052661-1.jpg\" alt=\"\" class=\"wp-image-304 size-full\" srcset=\"https:\/\/familien-oestergaard.dk\/wp-content\/uploads\/2024\/09\/i282600889514052661-1.jpg 324w, https:\/\/familien-oestergaard.dk\/wp-content\/uploads\/2024\/09\/i282600889514052661-1-221x300.jpg 221w\" sizes=\"auto, (max-width: 324px) 100vw, 324px\" \/><\/figure><div class=\"wp-block-media-text__content\">\n<p><strong>Nielsine H\u00f8je Pedersen<\/strong>, bedre kendt af alle som Lis, blev&nbsp;<strong>f\u00f8dt 13. februar 1900<\/strong>, Villerslev.<\/p>\n\n\n\n<p>Gift med<strong> M\u00f8ller \u00d8stergaard d. 9 september 1930.<\/strong> Hun d\u00f8de i Viborg d. 15. januar 1993.<br><br>Lis virkede p\u00e5 Bramming Real- og Efterskole som &#8220;madmor&#8221; til de 80-90 elever da de m\u00f8dte hinanden. F\u00f8r dette tjente hun bl.a. i sine unge \u00e5r hos familien Ziegler i Sor\u00f8.<br><br>Hun gjorde et fantastisk arbejde i M\u00f8llers bagland p\u00e5 Ullits Skole.<br>Sammen fik de 8 b\u00f8rn: <strong>Tove, Randi, Torkill, Birgit, Knud, Grethe, Peter og Kirsten<\/strong><\/p>\n\n\n\n<p>Billedet her er fra de yngre \u00e5r.<\/p>\n<\/div><\/div>\n\n\n\n<div class=\"wp-block-media-text is-stacked-on-mobile\"><figure class=\"wp-block-media-text__media\"><img loading=\"lazy\" decoding=\"async\" width=\"263\" height=\"440\" src=\"https:\/\/familien-oestergaard.dk\/wp-content\/uploads\/2024\/09\/i282600889514052671-1.jpg\" alt=\"\" class=\"wp-image-306 size-full\" srcset=\"https:\/\/familien-oestergaard.dk\/wp-content\/uploads\/2024\/09\/i282600889514052671-1.jpg 263w, https:\/\/familien-oestergaard.dk\/wp-content\/uploads\/2024\/09\/i282600889514052671-1-179x300.jpg 179w\" sizes=\"auto, (max-width: 263px) 100vw, 263px\" \/><\/figure><div class=\"wp-block-media-text__content\">\n<p>Her er et senere billede. Jeg t\u00e6nker, at det m\u00e5 v\u00e6re s\u00e5dan hun har set ud, da hun m\u00f8der M\u00f8ller<\/p>\n<\/div><\/div>\n","protected":false},"excerpt":{"rendered":"<p>Nielsine H\u00f8je Pedersen, bedre kendt af alle som Lis, blev&nbsp;f\u00f8dt 13. februar 1900, Villerslev. Gift med M\u00f8ller \u00d8stergaard d. 9 september 1930. Hun d\u00f8de i Viborg d. 15. januar 1993. Lis virkede p\u00e5 Bramming Real- og Efterskole som &#8220;madmor&#8221; til de 80-90 elever da de m\u00f8dte hinanden. F\u00f8r dette tjente hun bl.a. i sine unge &#8230; <a title=\"Nielsine H\u00f8je \u00d8stergaard f. Pedersen\" class=\"read-more\" href=\"https:\/\/familien-oestergaard.dk\/?page_id=22\" aria-label=\"Read more about Nielsine H\u00f8je \u00d8stergaard f. Pedersen\">L\u00e6s mere <\/a><\/p>\n","protected":false},"author":1,"featured_media":0,"parent":0,"menu_order":0,"comment_status":"closed","ping_status":"closed","template":"","meta":{"_uag_custom_page_level_css":"","footnotes":""},"class_list":["post-22","page","type-page","status-publish"],"uagb_featured_image_src":{"full":false,"thumbnail":false,"medium":false,"medium_large":false,"large":false,"1536x1536":false,"2048x2048":false},"uagb_author_info":{"display_name":"admin","author_link":"https:\/\/familien-oestergaard.dk\/?author=1"},"uagb_comment_info":0,"uagb_excerpt":"Nielsine H\u00f8je Pedersen, bedre kendt af alle som Lis, blev&nbsp;f\u00f8dt 13. februar 1900, Villerslev. Gift med M\u00f8ller \u00d8stergaard d. 9 september 1930. Hun d\u00f8de i Viborg d. 15. januar 1993. Lis virkede p\u00e5 Bramming Real- og Efterskole som &#8220;madmor&#8221; til de 80-90 elever da de m\u00f8dte hinanden. F\u00f8r dette tjente hun bl.a. i sine unge&hellip;","_links":{"self":[{"href":"https:\/\/familien-oestergaard.dk\/index.php?rest_route=\/wp\/v2\/pages\/22","targetHints":{"allow":["GET"]}}],"collection":[{"href":"https:\/\/familien-oestergaard.dk\/index.php?rest_route=\/wp\/v2\/pages"}],"about":[{"href":"https:\/\/familien-oestergaard.dk\/index.php?rest_route=\/wp\/v2\/types\/page"}],"author":[{"embeddable":true,"href":"https:\/\/familien-oestergaard.dk\/index.php?rest_route=\/wp\/v2\/users\/1"}],"replies":[{"embeddable":true,"href":"https:\/\/familien-oestergaard.dk\/index.php?rest_route=%2Fwp%2Fv2%2Fcomments&post=22"}],"version-history":[{"count":8,"href":"https:\/\/familien-oestergaard.dk\/index.php?rest_route=\/wp\/v2\/pages\/22\/revisions"}],"predecessor-version":[{"id":308,"href":"https:\/\/familien-oestergaard.dk\/index.php?rest_route=\/wp\/v2\/pages\/22\/revisions\/308"}],"wp:attachment":[{"href":"https:\/\/familien-oestergaard.dk\/index.php?rest_route=%2Fwp%2Fv2%2Fmedia&parent=22"}],"curies":[{"name":"wp","href":"https:\/\/api.w.org\/{rel}","templated":true}]}}