{"id":231,"date":"2024-09-15T15:49:37","date_gmt":"2024-09-15T15:49:37","guid":{"rendered":"https:\/\/familien-oestergaard.dk\/?page_id=231"},"modified":"2025-08-07T11:44:52","modified_gmt":"2025-08-07T11:44:52","slug":"foto-2022","status":"publish","type":"page","link":"https:\/\/familien-oestergaard.dk\/?page_id=231","title":{"rendered":"Foto 2022 hos Lars i Gren\u00e5"},"content":{"rendered":"<div class=\"wp-block-image\">\n<figure class=\"aligncenter size-large\"><img loading=\"lazy\" decoding=\"async\" width=\"1024\" height=\"768\" src=\"https:\/\/familien-oestergaard.dk\/wp-content\/uploads\/2025\/06\/IMG_4187-2-1024x768.jpg\" alt=\"\" class=\"wp-image-463\" srcset=\"https:\/\/familien-oestergaard.dk\/wp-content\/uploads\/2025\/06\/IMG_4187-2-1024x768.jpg 1024w, https:\/\/familien-oestergaard.dk\/wp-content\/uploads\/2025\/06\/IMG_4187-2-300x225.jpg 300w, https:\/\/familien-oestergaard.dk\/wp-content\/uploads\/2025\/06\/IMG_4187-2-768x576.jpg 768w, https:\/\/familien-oestergaard.dk\/wp-content\/uploads\/2025\/06\/IMG_4187-2-1536x1152.jpg 1536w, https:\/\/familien-oestergaard.dk\/wp-content\/uploads\/2025\/06\/IMG_4187-2-2048x1536.jpg 2048w\" sizes=\"auto, (max-width: 1024px) 100vw, 1024px\" \/><\/figure><\/div>\n\n\n<p class=\"has-text-align-center\">I \u00e5r kom der g\u00e6ster fra Usa. Vi fik lov til at v\u00e6re hos Lars i Gren\u00e5 hvor Knud gav frikadeller og kold kartoffelsalat<\/p>\n\n\n\n<p class=\"has-text-align-center\">Vi var 32 personer:<\/p>\n\n\n\n<p class=\"has-text-align-center\">Steve, Denise, Susan, John og Jason<\/p>\n\n\n\n<p class=\"has-text-align-center\">Randi, Bodil, Marie Louise, Lillian, Jan og Ditte<\/p>\n\n\n\n<p class=\"has-text-align-center\">Torkill, Ragnhild, John, Lars, Klaus, Sanne, Ulla og Henning<\/p>\n\n\n\n<p class=\"has-text-align-center\">Grethe<\/p>\n\n\n\n<p class=\"has-text-align-center\">Knud, Lizy, Preben, Helle, Pernille, Felix, Cecilie, Mathias, Jens og Anette<\/p>\n\n\n\n<p class=\"has-text-align-center\">Kirsten og Linne<\/p>\n\n\n\n<figure class=\"wp-block-gallery has-nested-images columns-default is-cropped wp-block-gallery-1 is-layout-flex wp-block-gallery-is-layout-flex\">\n<figure class=\"wp-block-image size-large\"><img loading=\"lazy\" decoding=\"async\" width=\"768\" height=\"1024\" data-id=\"443\" src=\"https:\/\/familien-oestergaard.dk\/wp-content\/uploads\/2025\/06\/IMG_4171-1-768x1024.jpg\" alt=\"\" class=\"wp-image-443\" srcset=\"https:\/\/familien-oestergaard.dk\/wp-content\/uploads\/2025\/06\/IMG_4171-1-768x1024.jpg 768w, https:\/\/familien-oestergaard.dk\/wp-content\/uploads\/2025\/06\/IMG_4171-1-225x300.jpg 225w, https:\/\/familien-oestergaard.dk\/wp-content\/uploads\/2025\/06\/IMG_4171-1-1152x1536.jpg 1152w, https:\/\/familien-oestergaard.dk\/wp-content\/uploads\/2025\/06\/IMG_4171-1-1536x2048.jpg 1536w, https:\/\/familien-oestergaard.dk\/wp-content\/uploads\/2025\/06\/IMG_4171-1-scaled.jpg 1920w\" sizes=\"auto, (max-width: 768px) 100vw, 768px\" \/><\/figure>\n\n\n\n<figure class=\"wp-block-image size-large\"><img loading=\"lazy\" decoding=\"async\" width=\"935\" height=\"1024\" data-id=\"403\" src=\"https:\/\/familien-oestergaard.dk\/wp-content\/uploads\/2025\/06\/IMG_4172-935x1024.jpg\" alt=\"\" class=\"wp-image-403\" srcset=\"https:\/\/familien-oestergaard.dk\/wp-content\/uploads\/2025\/06\/IMG_4172-935x1024.jpg 935w, https:\/\/familien-oestergaard.dk\/wp-content\/uploads\/2025\/06\/IMG_4172-274x300.jpg 274w, https:\/\/familien-oestergaard.dk\/wp-content\/uploads\/2025\/06\/IMG_4172-768x841.jpg 768w, https:\/\/familien-oestergaard.dk\/wp-content\/uploads\/2025\/06\/IMG_4172-1402x1536.jpg 1402w, https:\/\/familien-oestergaard.dk\/wp-content\/uploads\/2025\/06\/IMG_4172-1869x2048.jpg 1869w, https:\/\/familien-oestergaard.dk\/wp-content\/uploads\/2025\/06\/IMG_4172.jpg 1989w\" sizes=\"auto, (max-width: 935px) 100vw, 935px\" \/><\/figure>\n\n\n\n<figure class=\"wp-block-image size-large\"><img loading=\"lazy\" decoding=\"async\" width=\"768\" height=\"1024\" data-id=\"449\" src=\"https:\/\/familien-oestergaard.dk\/wp-content\/uploads\/2025\/06\/IMG_4185-1-768x1024.jpg\" alt=\"\" class=\"wp-image-449\" srcset=\"https:\/\/familien-oestergaard.dk\/wp-content\/uploads\/2025\/06\/IMG_4185-1-768x1024.jpg 768w, https:\/\/familien-oestergaard.dk\/wp-content\/uploads\/2025\/06\/IMG_4185-1-225x300.jpg 225w, https:\/\/familien-oestergaard.dk\/wp-content\/uploads\/2025\/06\/IMG_4185-1-1152x1536.jpg 1152w, https:\/\/familien-oestergaard.dk\/wp-content\/uploads\/2025\/06\/IMG_4185-1-1536x2048.jpg 1536w, https:\/\/familien-oestergaard.dk\/wp-content\/uploads\/2025\/06\/IMG_4185-1-scaled.jpg 1920w\" sizes=\"auto, (max-width: 768px) 100vw, 768px\" \/><\/figure>\n\n\n\n<figure class=\"wp-block-image size-large\"><img loading=\"lazy\" decoding=\"async\" width=\"768\" height=\"1024\" data-id=\"461\" src=\"https:\/\/familien-oestergaard.dk\/wp-content\/uploads\/2025\/06\/IMG_4182-1-768x1024.jpg\" alt=\"\" class=\"wp-image-461\" srcset=\"https:\/\/familien-oestergaard.dk\/wp-content\/uploads\/2025\/06\/IMG_4182-1-768x1024.jpg 768w, https:\/\/familien-oestergaard.dk\/wp-content\/uploads\/2025\/06\/IMG_4182-1-225x300.jpg 225w, https:\/\/familien-oestergaard.dk\/wp-content\/uploads\/2025\/06\/IMG_4182-1-1152x1536.jpg 1152w, https:\/\/familien-oestergaard.dk\/wp-content\/uploads\/2025\/06\/IMG_4182-1-1536x2048.jpg 1536w, https:\/\/familien-oestergaard.dk\/wp-content\/uploads\/2025\/06\/IMG_4182-1-scaled.jpg 1920w\" sizes=\"auto, (max-width: 768px) 100vw, 768px\" \/><\/figure>\n\n\n\n<figure class=\"wp-block-image size-large\"><img loading=\"lazy\" decoding=\"async\" width=\"768\" height=\"1024\" data-id=\"459\" src=\"https:\/\/familien-oestergaard.dk\/wp-content\/uploads\/2025\/06\/IMG_4164-1-768x1024.jpg\" alt=\"\" class=\"wp-image-459\" srcset=\"https:\/\/familien-oestergaard.dk\/wp-content\/uploads\/2025\/06\/IMG_4164-1-768x1024.jpg 768w, https:\/\/familien-oestergaard.dk\/wp-content\/uploads\/2025\/06\/IMG_4164-1-225x300.jpg 225w, https:\/\/familien-oestergaard.dk\/wp-content\/uploads\/2025\/06\/IMG_4164-1-1152x1536.jpg 1152w, https:\/\/familien-oestergaard.dk\/wp-content\/uploads\/2025\/06\/IMG_4164-1-1536x2048.jpg 1536w, https:\/\/familien-oestergaard.dk\/wp-content\/uploads\/2025\/06\/IMG_4164-1-scaled.jpg 1920w\" sizes=\"auto, (max-width: 768px) 100vw, 768px\" \/><\/figure>\n\n\n\n<figure class=\"wp-block-image size-large\"><img loading=\"lazy\" decoding=\"async\" width=\"768\" height=\"1024\" data-id=\"460\" src=\"https:\/\/familien-oestergaard.dk\/wp-content\/uploads\/2025\/06\/IMG_4181-1-768x1024.jpg\" alt=\"\" class=\"wp-image-460\" srcset=\"https:\/\/familien-oestergaard.dk\/wp-content\/uploads\/2025\/06\/IMG_4181-1-768x1024.jpg 768w, https:\/\/familien-oestergaard.dk\/wp-content\/uploads\/2025\/06\/IMG_4181-1-225x300.jpg 225w, https:\/\/familien-oestergaard.dk\/wp-content\/uploads\/2025\/06\/IMG_4181-1-1152x1536.jpg 1152w, https:\/\/familien-oestergaard.dk\/wp-content\/uploads\/2025\/06\/IMG_4181-1-1536x2048.jpg 1536w, https:\/\/familien-oestergaard.dk\/wp-content\/uploads\/2025\/06\/IMG_4181-1-scaled.jpg 1920w\" sizes=\"auto, (max-width: 768px) 100vw, 768px\" \/><\/figure>\n\n\n\n<figure class=\"wp-block-image size-large\"><img loading=\"lazy\" decoding=\"async\" width=\"831\" height=\"1024\" data-id=\"456\" src=\"https:\/\/familien-oestergaard.dk\/wp-content\/uploads\/2025\/06\/IMG_4166-1-831x1024.jpg\" alt=\"\" class=\"wp-image-456\" srcset=\"https:\/\/familien-oestergaard.dk\/wp-content\/uploads\/2025\/06\/IMG_4166-1-831x1024.jpg 831w, https:\/\/familien-oestergaard.dk\/wp-content\/uploads\/2025\/06\/IMG_4166-1-243x300.jpg 243w, https:\/\/familien-oestergaard.dk\/wp-content\/uploads\/2025\/06\/IMG_4166-1-768x946.jpg 768w, https:\/\/familien-oestergaard.dk\/wp-content\/uploads\/2025\/06\/IMG_4166-1-1246x1536.jpg 1246w, https:\/\/familien-oestergaard.dk\/wp-content\/uploads\/2025\/06\/IMG_4166-1-1662x2048.jpg 1662w\" sizes=\"auto, (max-width: 831px) 100vw, 831px\" \/><\/figure>\n\n\n\n<figure class=\"wp-block-image size-large\"><img loading=\"lazy\" decoding=\"async\" width=\"768\" height=\"1024\" data-id=\"458\" src=\"https:\/\/familien-oestergaard.dk\/wp-content\/uploads\/2025\/06\/IMG_4167-1-768x1024.jpg\" alt=\"\" class=\"wp-image-458\" srcset=\"https:\/\/familien-oestergaard.dk\/wp-content\/uploads\/2025\/06\/IMG_4167-1-768x1024.jpg 768w, https:\/\/familien-oestergaard.dk\/wp-content\/uploads\/2025\/06\/IMG_4167-1-225x300.jpg 225w, https:\/\/familien-oestergaard.dk\/wp-content\/uploads\/2025\/06\/IMG_4167-1-1152x1536.jpg 1152w, https:\/\/familien-oestergaard.dk\/wp-content\/uploads\/2025\/06\/IMG_4167-1-1536x2048.jpg 1536w, https:\/\/familien-oestergaard.dk\/wp-content\/uploads\/2025\/06\/IMG_4167-1-scaled.jpg 1920w\" sizes=\"auto, (max-width: 768px) 100vw, 768px\" \/><\/figure>\n\n\n\n<figure class=\"wp-block-image size-large\"><img loading=\"lazy\" decoding=\"async\" width=\"768\" height=\"1024\" data-id=\"453\" src=\"https:\/\/familien-oestergaard.dk\/wp-content\/uploads\/2025\/06\/IMG_4162-1-768x1024.jpg\" alt=\"\" class=\"wp-image-453\" srcset=\"https:\/\/familien-oestergaard.dk\/wp-content\/uploads\/2025\/06\/IMG_4162-1-768x1024.jpg 768w, https:\/\/familien-oestergaard.dk\/wp-content\/uploads\/2025\/06\/IMG_4162-1-225x300.jpg 225w, https:\/\/familien-oestergaard.dk\/wp-content\/uploads\/2025\/06\/IMG_4162-1-1152x1536.jpg 1152w, https:\/\/familien-oestergaard.dk\/wp-content\/uploads\/2025\/06\/IMG_4162-1-1536x2048.jpg 1536w, https:\/\/familien-oestergaard.dk\/wp-content\/uploads\/2025\/06\/IMG_4162-1-scaled.jpg 1920w\" sizes=\"auto, (max-width: 768px) 100vw, 768px\" \/><\/figure>\n\n\n\n<figure class=\"wp-block-image size-large\"><img loading=\"lazy\" decoding=\"async\" width=\"768\" height=\"1024\" data-id=\"455\" src=\"https:\/\/familien-oestergaard.dk\/wp-content\/uploads\/2025\/06\/IMG_4165-1-768x1024.jpg\" alt=\"\" class=\"wp-image-455\" srcset=\"https:\/\/familien-oestergaard.dk\/wp-content\/uploads\/2025\/06\/IMG_4165-1-768x1024.jpg 768w, https:\/\/familien-oestergaard.dk\/wp-content\/uploads\/2025\/06\/IMG_4165-1-225x300.jpg 225w, https:\/\/familien-oestergaard.dk\/wp-content\/uploads\/2025\/06\/IMG_4165-1-1152x1536.jpg 1152w, https:\/\/familien-oestergaard.dk\/wp-content\/uploads\/2025\/06\/IMG_4165-1-1536x2048.jpg 1536w, https:\/\/familien-oestergaard.dk\/wp-content\/uploads\/2025\/06\/IMG_4165-1-scaled.jpg 1920w\" sizes=\"auto, (max-width: 768px) 100vw, 768px\" \/><\/figure>\n\n\n\n<figure class=\"wp-block-image size-large\"><img loading=\"lazy\" decoding=\"async\" width=\"768\" height=\"1024\" data-id=\"451\" src=\"https:\/\/familien-oestergaard.dk\/wp-content\/uploads\/2025\/06\/IMG_4178-1-768x1024.jpg\" alt=\"\" class=\"wp-image-451\" srcset=\"https:\/\/familien-oestergaard.dk\/wp-content\/uploads\/2025\/06\/IMG_4178-1-768x1024.jpg 768w, https:\/\/familien-oestergaard.dk\/wp-content\/uploads\/2025\/06\/IMG_4178-1-225x300.jpg 225w, https:\/\/familien-oestergaard.dk\/wp-content\/uploads\/2025\/06\/IMG_4178-1-1152x1536.jpg 1152w, https:\/\/familien-oestergaard.dk\/wp-content\/uploads\/2025\/06\/IMG_4178-1-1536x2048.jpg 1536w, https:\/\/familien-oestergaard.dk\/wp-content\/uploads\/2025\/06\/IMG_4178-1-scaled.jpg 1920w\" sizes=\"auto, (max-width: 768px) 100vw, 768px\" \/><\/figure>\n\n\n\n<figure class=\"wp-block-image size-large\"><img loading=\"lazy\" decoding=\"async\" width=\"1920\" height=\"2560\" data-id=\"452\" src=\"https:\/\/familien-oestergaard.dk\/wp-content\/uploads\/2025\/06\/IMG_4157-1-scaled.jpg\" alt=\"\" class=\"wp-image-452\" srcset=\"https:\/\/familien-oestergaard.dk\/wp-content\/uploads\/2025\/06\/IMG_4157-1-scaled.jpg 1920w, https:\/\/familien-oestergaard.dk\/wp-content\/uploads\/2025\/06\/IMG_4157-1-225x300.jpg 225w\" sizes=\"auto, (max-width: 1920px) 100vw, 1920px\" \/><\/figure>\n\n\n\n<figure class=\"wp-block-image size-large\"><img loading=\"lazy\" decoding=\"async\" width=\"768\" height=\"1024\" data-id=\"448\" src=\"https:\/\/familien-oestergaard.dk\/wp-content\/uploads\/2025\/06\/IMG_4161-1-768x1024.jpg\" alt=\"\" class=\"wp-image-448\" srcset=\"https:\/\/familien-oestergaard.dk\/wp-content\/uploads\/2025\/06\/IMG_4161-1-768x1024.jpg 768w, https:\/\/familien-oestergaard.dk\/wp-content\/uploads\/2025\/06\/IMG_4161-1-225x300.jpg 225w, https:\/\/familien-oestergaard.dk\/wp-content\/uploads\/2025\/06\/IMG_4161-1-1152x1536.jpg 1152w, https:\/\/familien-oestergaard.dk\/wp-content\/uploads\/2025\/06\/IMG_4161-1-1536x2048.jpg 1536w, https:\/\/familien-oestergaard.dk\/wp-content\/uploads\/2025\/06\/IMG_4161-1-scaled.jpg 1920w\" sizes=\"auto, (max-width: 768px) 100vw, 768px\" \/><\/figure>\n\n\n\n<figure class=\"wp-block-image size-large\"><img loading=\"lazy\" decoding=\"async\" width=\"1920\" height=\"2560\" data-id=\"439\" src=\"https:\/\/familien-oestergaard.dk\/wp-content\/uploads\/2025\/06\/IMG_4160-1-scaled.jpg\" alt=\"\" class=\"wp-image-439\" srcset=\"https:\/\/familien-oestergaard.dk\/wp-content\/uploads\/2025\/06\/IMG_4160-1-scaled.jpg 1920w, https:\/\/familien-oestergaard.dk\/wp-content\/uploads\/2025\/06\/IMG_4160-1-225x300.jpg 225w\" sizes=\"auto, (max-width: 1920px) 100vw, 1920px\" \/><\/figure>\n\n\n\n<figure class=\"wp-block-image size-large\"><img loading=\"lazy\" decoding=\"async\" width=\"768\" height=\"1024\" data-id=\"435\" src=\"https:\/\/familien-oestergaard.dk\/wp-content\/uploads\/2025\/06\/IMG_4155-1-768x1024.jpg\" alt=\"\" class=\"wp-image-435\" srcset=\"https:\/\/familien-oestergaard.dk\/wp-content\/uploads\/2025\/06\/IMG_4155-1-768x1024.jpg 768w, https:\/\/familien-oestergaard.dk\/wp-content\/uploads\/2025\/06\/IMG_4155-1-225x300.jpg 225w, https:\/\/familien-oestergaard.dk\/wp-content\/uploads\/2025\/06\/IMG_4155-1-1152x1536.jpg 1152w, https:\/\/familien-oestergaard.dk\/wp-content\/uploads\/2025\/06\/IMG_4155-1-1536x2048.jpg 1536w, https:\/\/familien-oestergaard.dk\/wp-content\/uploads\/2025\/06\/IMG_4155-1-scaled.jpg 1920w\" sizes=\"auto, (max-width: 768px) 100vw, 768px\" \/><\/figure>\n\n\n\n<figure class=\"wp-block-image size-large\"><img loading=\"lazy\" decoding=\"async\" width=\"768\" height=\"1024\" data-id=\"433\" src=\"https:\/\/familien-oestergaard.dk\/wp-content\/uploads\/2025\/06\/IMG_4170-1-768x1024.jpg\" alt=\"\" class=\"wp-image-433\" srcset=\"https:\/\/familien-oestergaard.dk\/wp-content\/uploads\/2025\/06\/IMG_4170-1-768x1024.jpg 768w, https:\/\/familien-oestergaard.dk\/wp-content\/uploads\/2025\/06\/IMG_4170-1-225x300.jpg 225w, https:\/\/familien-oestergaard.dk\/wp-content\/uploads\/2025\/06\/IMG_4170-1-1152x1536.jpg 1152w, https:\/\/familien-oestergaard.dk\/wp-content\/uploads\/2025\/06\/IMG_4170-1-1536x2048.jpg 1536w, https:\/\/familien-oestergaard.dk\/wp-content\/uploads\/2025\/06\/IMG_4170-1-scaled.jpg 1920w\" sizes=\"auto, (max-width: 768px) 100vw, 768px\" \/><\/figure>\n\n\n\n<figure class=\"wp-block-image size-large\"><img loading=\"lazy\" decoding=\"async\" width=\"768\" height=\"1024\" data-id=\"436\" src=\"https:\/\/familien-oestergaard.dk\/wp-content\/uploads\/2025\/06\/IMG_4168-1-768x1024.jpg\" alt=\"\" class=\"wp-image-436\" srcset=\"https:\/\/familien-oestergaard.dk\/wp-content\/uploads\/2025\/06\/IMG_4168-1-768x1024.jpg 768w, https:\/\/familien-oestergaard.dk\/wp-content\/uploads\/2025\/06\/IMG_4168-1-225x300.jpg 225w, https:\/\/familien-oestergaard.dk\/wp-content\/uploads\/2025\/06\/IMG_4168-1-1152x1536.jpg 1152w, https:\/\/familien-oestergaard.dk\/wp-content\/uploads\/2025\/06\/IMG_4168-1-1536x2048.jpg 1536w, https:\/\/familien-oestergaard.dk\/wp-content\/uploads\/2025\/06\/IMG_4168-1-scaled.jpg 1920w\" sizes=\"auto, (max-width: 768px) 100vw, 768px\" \/><\/figure>\n\n\n\n<figure class=\"wp-block-image size-large\"><img loading=\"lazy\" decoding=\"async\" width=\"768\" height=\"1024\" data-id=\"447\" src=\"https:\/\/familien-oestergaard.dk\/wp-content\/uploads\/2025\/06\/IMG_4163-1-768x1024.jpg\" alt=\"\" class=\"wp-image-447\" srcset=\"https:\/\/familien-oestergaard.dk\/wp-content\/uploads\/2025\/06\/IMG_4163-1-768x1024.jpg 768w, https:\/\/familien-oestergaard.dk\/wp-content\/uploads\/2025\/06\/IMG_4163-1-225x300.jpg 225w, https:\/\/familien-oestergaard.dk\/wp-content\/uploads\/2025\/06\/IMG_4163-1-1152x1536.jpg 1152w, https:\/\/familien-oestergaard.dk\/wp-content\/uploads\/2025\/06\/IMG_4163-1-1536x2048.jpg 1536w, https:\/\/familien-oestergaard.dk\/wp-content\/uploads\/2025\/06\/IMG_4163-1-scaled.jpg 1920w\" sizes=\"auto, (max-width: 768px) 100vw, 768px\" \/><\/figure>\n\n\n\n<figure class=\"wp-block-image size-large\"><img loading=\"lazy\" decoding=\"async\" width=\"1920\" height=\"2560\" data-id=\"446\" src=\"https:\/\/familien-oestergaard.dk\/wp-content\/uploads\/2025\/06\/IMG_4152-1-scaled.jpg\" alt=\"\" class=\"wp-image-446\" srcset=\"https:\/\/familien-oestergaard.dk\/wp-content\/uploads\/2025\/06\/IMG_4152-1-scaled.jpg 1920w, https:\/\/familien-oestergaard.dk\/wp-content\/uploads\/2025\/06\/IMG_4152-1-225x300.jpg 225w\" sizes=\"auto, (max-width: 1920px) 100vw, 1920px\" \/><\/figure>\n\n\n\n<figure class=\"wp-block-image size-large\"><img loading=\"lazy\" decoding=\"async\" width=\"768\" height=\"1024\" data-id=\"441\" src=\"https:\/\/familien-oestergaard.dk\/wp-content\/uploads\/2025\/06\/IMG_4179-1-768x1024.jpg\" alt=\"\" class=\"wp-image-441\" srcset=\"https:\/\/familien-oestergaard.dk\/wp-content\/uploads\/2025\/06\/IMG_4179-1-768x1024.jpg 768w, https:\/\/familien-oestergaard.dk\/wp-content\/uploads\/2025\/06\/IMG_4179-1-225x300.jpg 225w, https:\/\/familien-oestergaard.dk\/wp-content\/uploads\/2025\/06\/IMG_4179-1-1152x1536.jpg 1152w, https:\/\/familien-oestergaard.dk\/wp-content\/uploads\/2025\/06\/IMG_4179-1-1536x2048.jpg 1536w, https:\/\/familien-oestergaard.dk\/wp-content\/uploads\/2025\/06\/IMG_4179-1-scaled.jpg 1920w\" sizes=\"auto, (max-width: 768px) 100vw, 768px\" \/><\/figure>\n\n\n\n<figure class=\"wp-block-image size-large\"><img loading=\"lazy\" decoding=\"async\" width=\"768\" height=\"1024\" data-id=\"445\" src=\"https:\/\/familien-oestergaard.dk\/wp-content\/uploads\/2025\/06\/IMG_4184-1-768x1024.jpg\" alt=\"\" class=\"wp-image-445\" srcset=\"https:\/\/familien-oestergaard.dk\/wp-content\/uploads\/2025\/06\/IMG_4184-1-768x1024.jpg 768w, https:\/\/familien-oestergaard.dk\/wp-content\/uploads\/2025\/06\/IMG_4184-1-225x300.jpg 225w, https:\/\/familien-oestergaard.dk\/wp-content\/uploads\/2025\/06\/IMG_4184-1-1152x1536.jpg 1152w, https:\/\/familien-oestergaard.dk\/wp-content\/uploads\/2025\/06\/IMG_4184-1-1536x2048.jpg 1536w, https:\/\/familien-oestergaard.dk\/wp-content\/uploads\/2025\/06\/IMG_4184-1-scaled.jpg 1920w\" sizes=\"auto, (max-width: 768px) 100vw, 768px\" \/><\/figure>\n\n\n\n<figure class=\"wp-block-image size-large\"><img loading=\"lazy\" decoding=\"async\" width=\"768\" height=\"1024\" data-id=\"444\" src=\"https:\/\/familien-oestergaard.dk\/wp-content\/uploads\/2025\/06\/IMG_4177-1-768x1024.jpg\" alt=\"\" class=\"wp-image-444\" srcset=\"https:\/\/familien-oestergaard.dk\/wp-content\/uploads\/2025\/06\/IMG_4177-1-768x1024.jpg 768w, https:\/\/familien-oestergaard.dk\/wp-content\/uploads\/2025\/06\/IMG_4177-1-225x300.jpg 225w, https:\/\/familien-oestergaard.dk\/wp-content\/uploads\/2025\/06\/IMG_4177-1-1152x1536.jpg 1152w, https:\/\/familien-oestergaard.dk\/wp-content\/uploads\/2025\/06\/IMG_4177-1-1536x2048.jpg 1536w, https:\/\/familien-oestergaard.dk\/wp-content\/uploads\/2025\/06\/IMG_4177-1-scaled.jpg 1920w\" sizes=\"auto, (max-width: 768px) 100vw, 768px\" \/><\/figure>\n\n\n\n<figure class=\"wp-block-image size-large\"><img loading=\"lazy\" decoding=\"async\" width=\"1920\" height=\"2560\" data-id=\"438\" src=\"https:\/\/familien-oestergaard.dk\/wp-content\/uploads\/2025\/06\/IMG_4180-1-scaled.jpg\" alt=\"\" class=\"wp-image-438\" srcset=\"https:\/\/familien-oestergaard.dk\/wp-content\/uploads\/2025\/06\/IMG_4180-1-scaled.jpg 1920w, https:\/\/familien-oestergaard.dk\/wp-content\/uploads\/2025\/06\/IMG_4180-1-225x300.jpg 225w\" sizes=\"auto, (max-width: 1920px) 100vw, 1920px\" \/><\/figure>\n\n\n\n<figure class=\"wp-block-image size-large\"><img loading=\"lazy\" decoding=\"async\" width=\"768\" height=\"1024\" data-id=\"457\" src=\"https:\/\/familien-oestergaard.dk\/wp-content\/uploads\/2025\/06\/IMG_4183-1-768x1024.jpg\" alt=\"\" class=\"wp-image-457\" srcset=\"https:\/\/familien-oestergaard.dk\/wp-content\/uploads\/2025\/06\/IMG_4183-1-768x1024.jpg 768w, https:\/\/familien-oestergaard.dk\/wp-content\/uploads\/2025\/06\/IMG_4183-1-225x300.jpg 225w, https:\/\/familien-oestergaard.dk\/wp-content\/uploads\/2025\/06\/IMG_4183-1-scaled.jpg 1920w\" sizes=\"auto, (max-width: 768px) 100vw, 768px\" \/><\/figure>\n\n\n\n<figure class=\"wp-block-image size-large\"><img loading=\"lazy\" decoding=\"async\" width=\"1920\" height=\"2560\" data-id=\"437\" src=\"https:\/\/familien-oestergaard.dk\/wp-content\/uploads\/2025\/06\/IMG_4154-1-scaled.jpg\" alt=\"\" class=\"wp-image-437\" srcset=\"https:\/\/familien-oestergaard.dk\/wp-content\/uploads\/2025\/06\/IMG_4154-1-scaled.jpg 1920w, https:\/\/familien-oestergaard.dk\/wp-content\/uploads\/2025\/06\/IMG_4154-1-225x300.jpg 225w\" sizes=\"auto, (max-width: 1920px) 100vw, 1920px\" \/><\/figure>\n\n\n\n<figure class=\"wp-block-image size-large\"><img loading=\"lazy\" decoding=\"async\" width=\"768\" height=\"1024\" data-id=\"434\" src=\"https:\/\/familien-oestergaard.dk\/wp-content\/uploads\/2025\/06\/IMG_4153-1-768x1024.jpg\" alt=\"\" class=\"wp-image-434\" srcset=\"https:\/\/familien-oestergaard.dk\/wp-content\/uploads\/2025\/06\/IMG_4153-1-768x1024.jpg 768w, https:\/\/familien-oestergaard.dk\/wp-content\/uploads\/2025\/06\/IMG_4153-1-225x300.jpg 225w, https:\/\/familien-oestergaard.dk\/wp-content\/uploads\/2025\/06\/IMG_4153-1-1152x1536.jpg 1152w, https:\/\/familien-oestergaard.dk\/wp-content\/uploads\/2025\/06\/IMG_4153-1-1536x2048.jpg 1536w, https:\/\/familien-oestergaard.dk\/wp-content\/uploads\/2025\/06\/IMG_4153-1-scaled.jpg 1920w\" sizes=\"auto, (max-width: 768px) 100vw, 768px\" \/><\/figure>\n<\/figure>\n","protected":false},"excerpt":{"rendered":"<p>I \u00e5r kom der g\u00e6ster fra Usa. Vi fik lov til at v\u00e6re hos Lars i Gren\u00e5 hvor Knud gav frikadeller og kold kartoffelsalat Vi var 32 personer: Steve, Denise, Susan, John og Jason Randi, Bodil, Marie Louise, Lillian, Jan og Ditte Torkill, Ragnhild, John, Lars, Klaus, Sanne, Ulla og Henning Grethe Knud, Lizy, Preben, &#8230; <a title=\"Foto 2022 hos Lars i Gren\u00e5\" class=\"read-more\" href=\"https:\/\/familien-oestergaard.dk\/?page_id=231\" aria-label=\"Read more about Foto 2022 hos Lars i Gren\u00e5\">L\u00e6s mere <\/a><\/p>\n","protected":false},"author":2,"featured_media":0,"parent":0,"menu_order":0,"comment_status":"closed","ping_status":"closed","template":"","meta":{"_uag_custom_page_level_css":"","footnotes":""},"class_list":["post-231","page","type-page","status-publish"],"uagb_featured_image_src":{"full":false,"thumbnail":false,"medium":false,"medium_large":false,"large":false,"1536x1536":false,"2048x2048":false},"uagb_author_info":{"display_name":"Linne Dockweiler","author_link":"https:\/\/familien-oestergaard.dk\/?author=2"},"uagb_comment_info":0,"uagb_excerpt":"I \u00e5r kom der g\u00e6ster fra Usa. Vi fik lov til at v\u00e6re hos Lars i Gren\u00e5 hvor Knud gav frikadeller og kold kartoffelsalat Vi var 32 personer: Steve, Denise, Susan, John og Jason Randi, Bodil, Marie Louise, Lillian, Jan og Ditte Torkill, Ragnhild, John, Lars, Klaus, Sanne, Ulla og Henning Grethe Knud, Lizy, Preben,&hellip;","_links":{"self":[{"href":"https:\/\/familien-oestergaard.dk\/index.php?rest_route=\/wp\/v2\/pages\/231","targetHints":{"allow":["GET"]}}],"collection":[{"href":"https:\/\/familien-oestergaard.dk\/index.php?rest_route=\/wp\/v2\/pages"}],"about":[{"href":"https:\/\/familien-oestergaard.dk\/index.php?rest_route=\/wp\/v2\/types\/page"}],"author":[{"embeddable":true,"href":"https:\/\/familien-oestergaard.dk\/index.php?rest_route=\/wp\/v2\/users\/2"}],"replies":[{"embeddable":true,"href":"https:\/\/familien-oestergaard.dk\/index.php?rest_route=%2Fwp%2Fv2%2Fcomments&post=231"}],"version-history":[{"count":3,"href":"https:\/\/familien-oestergaard.dk\/index.php?rest_route=\/wp\/v2\/pages\/231\/revisions"}],"predecessor-version":[{"id":480,"href":"https:\/\/familien-oestergaard.dk\/index.php?rest_route=\/wp\/v2\/pages\/231\/revisions\/480"}],"wp:attachment":[{"href":"https:\/\/familien-oestergaard.dk\/index.php?rest_route=%2Fwp%2Fv2%2Fmedia&parent=231"}],"curies":[{"name":"wp","href":"https:\/\/api.w.org\/{rel}","templated":true}]}}