{"id":237,"date":"2024-09-15T15:49:16","date_gmt":"2024-09-15T15:49:16","guid":{"rendered":"https:\/\/familien-oestergaard.dk\/?page_id=237"},"modified":"2025-08-07T11:46:14","modified_gmt":"2025-08-07T11:46:14","slug":"foto-2020","status":"publish","type":"page","link":"https:\/\/familien-oestergaard.dk\/?page_id=237","title":{"rendered":"Foto 2020 hos Kaj og Karen Margrethe"},"content":{"rendered":"\n<p>Vi m\u00f8dtes 15. august hos Kaj og Karen Margrethe<\/p>\n\n\n\n<p>F\u00f8lgende 17 m\u00f8dte op:<\/p>\n\n\n\n<p>Alice og Lindsay<\/p>\n\n\n\n<p>Kirsten,&nbsp;Frank<\/p>\n\n\n\n<p>Birgit, Lillian, Randi<\/p>\n\n\n\n<p>Torkill, Ragnhild, Ulla og Henning, Claus, John<\/p>\n\n\n\n<p>Lizy og Knud<\/p>\n\n\n\n<p>Karen Margrethe og Kaj<\/p>\n","protected":false},"excerpt":{"rendered":"<p>Vi m\u00f8dtes 15. august hos Kaj og Karen Margrethe F\u00f8lgende 17 m\u00f8dte op: Alice og Lindsay Kirsten,&nbsp;Frank Birgit, Lillian, Randi Torkill, Ragnhild, Ulla og Henning, Claus, John Lizy og Knud Karen Margrethe og Kaj<\/p>\n","protected":false},"author":2,"featured_media":0,"parent":0,"menu_order":0,"comment_status":"closed","ping_status":"closed","template":"","meta":{"_uag_custom_page_level_css":"","footnotes":""},"class_list":["post-237","page","type-page","status-publish"],"uagb_featured_image_src":{"full":false,"thumbnail":false,"medium":false,"medium_large":false,"large":false,"1536x1536":false,"2048x2048":false},"uagb_author_info":{"display_name":"Linne Dockweiler","author_link":"https:\/\/familien-oestergaard.dk\/?author=2"},"uagb_comment_info":0,"uagb_excerpt":"Vi m\u00f8dtes 15. august hos Kaj og Karen Margrethe F\u00f8lgende 17 m\u00f8dte op: Alice og Lindsay Kirsten,&nbsp;Frank Birgit, Lillian, Randi Torkill, Ragnhild, Ulla og Henning, Claus, John Lizy og Knud Karen Margrethe og Kaj","_links":{"self":[{"href":"https:\/\/familien-oestergaard.dk\/index.php?rest_route=\/wp\/v2\/pages\/237","targetHints":{"allow":["GET"]}}],"collection":[{"href":"https:\/\/familien-oestergaard.dk\/index.php?rest_route=\/wp\/v2\/pages"}],"about":[{"href":"https:\/\/familien-oestergaard.dk\/index.php?rest_route=\/wp\/v2\/types\/page"}],"author":[{"embeddable":true,"href":"https:\/\/familien-oestergaard.dk\/index.php?rest_route=\/wp\/v2\/users\/2"}],"replies":[{"embeddable":true,"href":"https:\/\/familien-oestergaard.dk\/index.php?rest_route=%2Fwp%2Fv2%2Fcomments&post=237"}],"version-history":[{"count":2,"href":"https:\/\/familien-oestergaard.dk\/index.php?rest_route=\/wp\/v2\/pages\/237\/revisions"}],"predecessor-version":[{"id":481,"href":"https:\/\/familien-oestergaard.dk\/index.php?rest_route=\/wp\/v2\/pages\/237\/revisions\/481"}],"wp:attachment":[{"href":"https:\/\/familien-oestergaard.dk\/index.php?rest_route=%2Fwp%2Fv2%2Fmedia&parent=237"}],"curies":[{"name":"wp","href":"https:\/\/api.w.org\/{rel}","templated":true}]}}