{"id":245,"date":"2024-09-15T15:58:34","date_gmt":"2024-09-15T15:58:34","guid":{"rendered":"https:\/\/familien-oestergaard.dk\/?page_id=245"},"modified":"2024-09-15T15:58:34","modified_gmt":"2024-09-15T15:58:34","slug":"foto-2004-2009","status":"publish","type":"page","link":"https:\/\/familien-oestergaard.dk\/?page_id=245","title":{"rendered":"Foto 2004-2009"},"content":{"rendered":"\n<p>USA 2009:<\/p>\n\n\n\n<p><\/p>\n\n\n\n<p>2009:<\/p>\n\n\n\n<p>Vi havde en dejlig oplevelsesrig dag i Skandinavisk Dyrepark. Der var bygevejr &#8211; men gode muligheder for at komme i l\u00e6.<\/p>\n\n\n\n<p>I \u00e5r var vi ikke s\u00e5 mange, men det var skam hyggeligt alligevel:<\/p>\n\n\n\n<p>Tove og Torkill<br>Ulla,&nbsp;Henning og John<br>Lars, Ulla, Oskar og Ninna<br>Claus, Sanne, Emma og Maja<br>Knud og Lizy<br>Preben og Cecilie<br>Kirsten og Frank<br>Linne, Lukas og Ida<\/p>\n\n\n\n<p>2008:<\/p>\n\n\n\n<p>Det var en dejlig solrig dag i S\u00f8ndergaards Have ved Skr\u00e6. Her var noget for alle legeb\u00f8rn, men ogs\u00e5 plads til bare at sidde i skyggen og nyde det hele.<\/p>\n\n\n\n<p>Der var mange med i \u00e5r:<br>Randi og Svend<br>Bodil, Jens og Marie Louise<br>Lillian og Ditte<br>Torkill og Tove<br>Ulla og Henning<br>John<br>Birgit<br>Knud + Lizy havde taget alle 6 b\u00f8rneb\u00f8rn med: Pernille, Henriette, Anders og Cecilie (Preben og Mettes b\u00f8rn), Oliver og Olivia (Jens og Sannes b\u00f8rn)<br>Kaj og Grethe<br>Kirsten og Heiner<br>Frank og Sabina<br>Linne, Alex, Lukas og Ida<\/p>\n\n\n\n<p>2007:<\/p>\n\n\n\n<p>Vi havde en god dag i M\u00f8nsted Kalkgruber.<br>F\u00f8lgende valgte at tilbringe dagen sammen:<br>Randi og\u00a0Svend<br>Lillian, Ditte og Marie Louise<br>Knud og\u00a0Lizy<br>Preben, Mette, Pernille, Henriette, Anders, Cecilie<br>Karen Margrethe og Kaj<br>Birgit<br>Kirsten og Heiner<br>Frank og Sabina<br>Linne, Alex, Lukas og Ida<\/p>\n\n\n\n<p>2006:<\/p>\n\n\n\n<p>M\u00f8dested: Egeskov Slot<\/p>\n\n\n\n<p>2005:<\/p>\n\n\n\n<p>M\u00f8dested: Himmelbjerget \u00e5r 2005<\/p>\n","protected":false},"excerpt":{"rendered":"<p>USA 2009: 2009: Vi havde en dejlig oplevelsesrig dag i Skandinavisk Dyrepark. Der var bygevejr &#8211; men gode muligheder for at komme i l\u00e6. I \u00e5r var vi ikke s\u00e5 mange, men det var skam hyggeligt alligevel: Tove og TorkillUlla,&nbsp;Henning og JohnLars, Ulla, Oskar og NinnaClaus, Sanne, Emma og MajaKnud og LizyPreben og CecilieKirsten og &#8230; <a title=\"Foto 2004-2009\" class=\"read-more\" href=\"https:\/\/familien-oestergaard.dk\/?page_id=245\" aria-label=\"Read more about Foto 2004-2009\">L\u00e6s mere <\/a><\/p>\n","protected":false},"author":2,"featured_media":0,"parent":0,"menu_order":0,"comment_status":"closed","ping_status":"closed","template":"","meta":{"_uag_custom_page_level_css":"","footnotes":""},"class_list":["post-245","page","type-page","status-publish"],"uagb_featured_image_src":{"full":false,"thumbnail":false,"medium":false,"medium_large":false,"large":false,"1536x1536":false,"2048x2048":false},"uagb_author_info":{"display_name":"Linne Dockweiler","author_link":"https:\/\/familien-oestergaard.dk\/?author=2"},"uagb_comment_info":0,"uagb_excerpt":"USA 2009: 2009: Vi havde en dejlig oplevelsesrig dag i Skandinavisk Dyrepark. Der var bygevejr &#8211; men gode muligheder for at komme i l\u00e6. I \u00e5r var vi ikke s\u00e5 mange, men det var skam hyggeligt alligevel: Tove og TorkillUlla,&nbsp;Henning og JohnLars, Ulla, Oskar og NinnaClaus, Sanne, Emma og MajaKnud og LizyPreben og CecilieKirsten og&hellip;","_links":{"self":[{"href":"https:\/\/familien-oestergaard.dk\/index.php?rest_route=\/wp\/v2\/pages\/245","targetHints":{"allow":["GET"]}}],"collection":[{"href":"https:\/\/familien-oestergaard.dk\/index.php?rest_route=\/wp\/v2\/pages"}],"about":[{"href":"https:\/\/familien-oestergaard.dk\/index.php?rest_route=\/wp\/v2\/types\/page"}],"author":[{"embeddable":true,"href":"https:\/\/familien-oestergaard.dk\/index.php?rest_route=\/wp\/v2\/users\/2"}],"replies":[{"embeddable":true,"href":"https:\/\/familien-oestergaard.dk\/index.php?rest_route=%2Fwp%2Fv2%2Fcomments&post=245"}],"version-history":[{"count":1,"href":"https:\/\/familien-oestergaard.dk\/index.php?rest_route=\/wp\/v2\/pages\/245\/revisions"}],"predecessor-version":[{"id":247,"href":"https:\/\/familien-oestergaard.dk\/index.php?rest_route=\/wp\/v2\/pages\/245\/revisions\/247"}],"wp:attachment":[{"href":"https:\/\/familien-oestergaard.dk\/index.php?rest_route=%2Fwp%2Fv2%2Fmedia&parent=245"}],"curies":[{"name":"wp","href":"https:\/\/api.w.org\/{rel}","templated":true}]}}