{"id":256,"date":"2024-09-22T12:11:27","date_gmt":"2024-09-22T12:11:27","guid":{"rendered":"https:\/\/familien-oestergaard.dk\/?page_id=256"},"modified":"2025-06-11T16:54:01","modified_gmt":"2025-06-11T16:54:01","slug":"gamle-fotos","status":"publish","type":"page","link":"https:\/\/familien-oestergaard.dk\/?page_id=256","title":{"rendered":"Gamle fotos"},"content":{"rendered":"\n<figure class=\"wp-block-gallery has-nested-images columns-default is-cropped wp-block-gallery-1 is-layout-flex wp-block-gallery-is-layout-flex\">\n<figure class=\"wp-block-image size-large\"><img loading=\"lazy\" decoding=\"async\" width=\"315\" height=\"440\" data-id=\"293\" src=\"https:\/\/familien-oestergaard.dk\/wp-content\/uploads\/2024\/09\/i282600889514052900-1.jpg\" alt=\"\" class=\"wp-image-293\" srcset=\"https:\/\/familien-oestergaard.dk\/wp-content\/uploads\/2024\/09\/i282600889514052900-1.jpg 315w, https:\/\/familien-oestergaard.dk\/wp-content\/uploads\/2024\/09\/i282600889514052900-1-215x300.jpg 215w\" sizes=\"auto, (max-width: 315px) 100vw, 315px\" \/><figcaption class=\"wp-element-caption\">M\u00f8ller \u00d8stergaards farmor Marie Nielsen <br>f. 28. maj 1823 d. jun 1907<\/figcaption><\/figure>\n\n\n\n<figure class=\"wp-block-image size-large\"><img loading=\"lazy\" decoding=\"async\" width=\"327\" height=\"440\" data-id=\"290\" src=\"https:\/\/familien-oestergaard.dk\/wp-content\/uploads\/2024\/09\/i282600889514052954-1.jpg\" alt=\"\" class=\"wp-image-290\" srcset=\"https:\/\/familien-oestergaard.dk\/wp-content\/uploads\/2024\/09\/i282600889514052954-1.jpg 327w, https:\/\/familien-oestergaard.dk\/wp-content\/uploads\/2024\/09\/i282600889514052954-1-223x300.jpg 223w\" sizes=\"auto, (max-width: 327px) 100vw, 327px\" \/><figcaption class=\"wp-element-caption\">Lis \u00d8stergaards mor: <br><strong>Sidsel Nielsen Thorsted<\/strong> <br>(f. 24. februar 1866 d. 19. nov 1947). <br>Gift med Kristian Pedersen (f. 2 dec. 1863, d. 23. sep. 1903) d. 19. okt 1888 i Villersted Kirke<\/figcaption><\/figure>\n\n\n\n<figure class=\"wp-block-image size-large\"><img loading=\"lazy\" decoding=\"async\" width=\"280\" height=\"440\" data-id=\"338\" src=\"https:\/\/familien-oestergaard.dk\/wp-content\/uploads\/2024\/09\/i282600889514052660-2.jpg\" alt=\"\" class=\"wp-image-338\" srcset=\"https:\/\/familien-oestergaard.dk\/wp-content\/uploads\/2024\/09\/i282600889514052660-2.jpg 280w, https:\/\/familien-oestergaard.dk\/wp-content\/uploads\/2024\/09\/i282600889514052660-2-191x300.jpg 191w\" sizes=\"auto, (max-width: 280px) 100vw, 280px\" \/><\/figure>\n\n\n\n<figure class=\"wp-block-image size-large\"><img loading=\"lazy\" decoding=\"async\" width=\"335\" height=\"440\" data-id=\"291\" src=\"https:\/\/familien-oestergaard.dk\/wp-content\/uploads\/2024\/09\/i282600889514053042-2.jpg\" alt=\"\" class=\"wp-image-291\" srcset=\"https:\/\/familien-oestergaard.dk\/wp-content\/uploads\/2024\/09\/i282600889514053042-2.jpg 335w, https:\/\/familien-oestergaard.dk\/wp-content\/uploads\/2024\/09\/i282600889514053042-2-228x300.jpg 228w\" sizes=\"auto, (max-width: 335px) 100vw, 335px\" \/><figcaption class=\"wp-element-caption\">M\u00f8ller \u00d8stergaards far ca. 1907: <br><strong>S\u00f8ren Christian \u00d8stergaard<\/strong> f. Pedersen  <br>f. 25. nov 1862 d. 2. mar 1948 <br>Gift med Bodil Marie Kristine Thomsen 3. okt 1890<\/figcaption><\/figure>\n\n\n\n<figure class=\"wp-block-image size-large\"><img loading=\"lazy\" decoding=\"async\" width=\"337\" height=\"440\" data-id=\"339\" src=\"https:\/\/familien-oestergaard.dk\/wp-content\/uploads\/2024\/09\/i282600889514053035-4.jpg\" alt=\"\" class=\"wp-image-339\" srcset=\"https:\/\/familien-oestergaard.dk\/wp-content\/uploads\/2024\/09\/i282600889514053035-4.jpg 337w, https:\/\/familien-oestergaard.dk\/wp-content\/uploads\/2024\/09\/i282600889514053035-4-230x300.jpg 230w\" sizes=\"auto, (max-width: 337px) 100vw, 337px\" \/><figcaption class=\"wp-element-caption\">M\u00f8ller \u00d8stergaards mor ca. 1907: <br>Bodil Marie Kirstine \u00d8stergaard f. Thomsen <br>f. den 16 mar 1865, d. 8. september 1954 <\/figcaption><\/figure>\n<\/figure>\n\n\n\n<figure class=\"wp-block-gallery has-nested-images columns-default is-cropped wp-block-gallery-2 is-layout-flex wp-block-gallery-is-layout-flex\">\n<figure class=\"wp-block-image size-large\"><img loading=\"lazy\" decoding=\"async\" width=\"440\" height=\"414\" data-id=\"336\" src=\"https:\/\/familien-oestergaard.dk\/wp-content\/uploads\/2024\/09\/i282600889514052667-1.jpg\" alt=\"\" class=\"wp-image-336\" srcset=\"https:\/\/familien-oestergaard.dk\/wp-content\/uploads\/2024\/09\/i282600889514052667-1.jpg 440w, https:\/\/familien-oestergaard.dk\/wp-content\/uploads\/2024\/09\/i282600889514052667-1-300x282.jpg 300w\" sizes=\"auto, (max-width: 440px) 100vw, 440px\" \/><figcaption class=\"wp-element-caption\"><strong>M\u00f8ller og Lis \u00d8stergaard ved bistaderne ca. 1954. <\/strong><br>Parret var p\u00e5 mange m\u00e5der selvforsynende med honning, b\u00e6r og gr\u00f8nt. Det t\u00e6tteste M\u00f8ller kom p\u00e5 landbrug<\/figcaption><\/figure>\n\n\n\n<figure class=\"wp-block-image size-large\"><img loading=\"lazy\" decoding=\"async\" width=\"298\" height=\"440\" data-id=\"326\" src=\"https:\/\/familien-oestergaard.dk\/wp-content\/uploads\/2024\/09\/i282600889514052877-1.jpg\" alt=\"\" class=\"wp-image-326\" srcset=\"https:\/\/familien-oestergaard.dk\/wp-content\/uploads\/2024\/09\/i282600889514052877-1.jpg 298w, https:\/\/familien-oestergaard.dk\/wp-content\/uploads\/2024\/09\/i282600889514052877-1-203x300.jpg 203w\" sizes=\"auto, (max-width: 298px) 100vw, 298px\" \/><figcaption class=\"wp-element-caption\"><strong>Alice&#8217;s barned\u00e5b 1953<\/strong> <br>M\u00f8ller \u00d8stergaard (t.h.) sammen med datteren Randi (f. 1932), hans mor Bodil Marie (f. 1865) og barnebarnet Alice (f. 1953)<\/figcaption><\/figure>\n\n\n\n<figure class=\"wp-block-image size-large\"><img loading=\"lazy\" decoding=\"async\" width=\"270\" height=\"440\" data-id=\"321\" src=\"https:\/\/familien-oestergaard.dk\/wp-content\/uploads\/2024\/09\/i282600889514052878-1.jpg\" alt=\"\" class=\"wp-image-321\" srcset=\"https:\/\/familien-oestergaard.dk\/wp-content\/uploads\/2024\/09\/i282600889514052878-1.jpg 270w, https:\/\/familien-oestergaard.dk\/wp-content\/uploads\/2024\/09\/i282600889514052878-1-184x300.jpg 184w\" sizes=\"auto, (max-width: 270px) 100vw, 270px\" \/><figcaption class=\"wp-element-caption\"><strong>Alice&#8217;s Barned\u00e5b 1953<\/strong><br>Lis \u00d8stergaard med datteren Randi og barnebarnet Alice<\/figcaption><\/figure>\n\n\n\n<figure class=\"wp-block-image size-large\"><img loading=\"lazy\" decoding=\"async\" width=\"378\" height=\"440\" data-id=\"325\" src=\"https:\/\/familien-oestergaard.dk\/wp-content\/uploads\/2024\/09\/i282600889514052665-1.jpg\" alt=\"\" class=\"wp-image-325\" srcset=\"https:\/\/familien-oestergaard.dk\/wp-content\/uploads\/2024\/09\/i282600889514052665-1.jpg 378w, https:\/\/familien-oestergaard.dk\/wp-content\/uploads\/2024\/09\/i282600889514052665-1-258x300.jpg 258w\" sizes=\"auto, (max-width: 378px) 100vw, 378px\" \/><figcaption class=\"wp-element-caption\"><strong>M\u00f8ller og Lis&#8217; s\u00f8lvbryllup 1955<\/strong> <br>M\u00f8ller og Lis sidder sammen med deres barnebarn <br>Alice Lund Andersen (f. 1953)<\/figcaption><\/figure>\n\n\n\n<figure class=\"wp-block-image size-large\"><img loading=\"lazy\" decoding=\"async\" width=\"282\" height=\"440\" data-id=\"324\" src=\"https:\/\/familien-oestergaard.dk\/wp-content\/uploads\/2024\/09\/i282600889514052664-1.jpg\" alt=\"\" class=\"wp-image-324\" srcset=\"https:\/\/familien-oestergaard.dk\/wp-content\/uploads\/2024\/09\/i282600889514052664-1.jpg 282w, https:\/\/familien-oestergaard.dk\/wp-content\/uploads\/2024\/09\/i282600889514052664-1-192x300.jpg 192w\" sizes=\"auto, (max-width: 282px) 100vw, 282px\" \/><figcaption class=\"wp-element-caption\"><strong>Til Torkills bryllup 27. februar 1957 <\/strong><br>M\u00f8ller \u00d8stergaard (t.h.) sammen med hustruen Lis \u00d8stergaard og s\u00f8nnen Peter H\u00f8je \u00d8stergaard (f.1941)<\/figcaption><\/figure>\n\n\n\n<figure class=\"wp-block-image size-large\"><img loading=\"lazy\" decoding=\"async\" width=\"289\" height=\"440\" data-id=\"329\" src=\"https:\/\/familien-oestergaard.dk\/wp-content\/uploads\/2024\/09\/i282600889514052881-1.jpg\" alt=\"\" class=\"wp-image-329\" srcset=\"https:\/\/familien-oestergaard.dk\/wp-content\/uploads\/2024\/09\/i282600889514052881-1.jpg 289w, https:\/\/familien-oestergaard.dk\/wp-content\/uploads\/2024\/09\/i282600889514052881-1-197x300.jpg 197w\" sizes=\"auto, (max-width: 289px) 100vw, 289px\" \/><figcaption class=\"wp-element-caption\"><strong>M\u00f8ller og Lis \u00d8stergaard <\/strong><br>Billedet er taget foran Ullits skole ca. 1954<\/figcaption><\/figure>\n<\/figure>\n\n\n\n<div class=\"wp-block-media-text is-stacked-on-mobile\"><figure class=\"wp-block-media-text__media\"><img loading=\"lazy\" decoding=\"async\" width=\"304\" height=\"439\" src=\"https:\/\/familien-oestergaard.dk\/wp-content\/uploads\/2024\/09\/i282600889514052880-2.jpg\" alt=\"\" class=\"wp-image-340 size-full\" srcset=\"https:\/\/familien-oestergaard.dk\/wp-content\/uploads\/2024\/09\/i282600889514052880-2.jpg 304w, https:\/\/familien-oestergaard.dk\/wp-content\/uploads\/2024\/09\/i282600889514052880-2-208x300.jpg 208w\" sizes=\"auto, (max-width: 304px) 100vw, 304px\" \/><\/figure><div class=\"wp-block-media-text__content\">\n<p><strong>Mindesm\u00e6rket over digterpr\u00e6sten Steen St. Blicher.<\/strong><\/p>\n\n\n\n<p>M\u00f8ller \u00d8stergaard og s\u00f8nnen Peter H\u00f8je \u00d8stergaard bes\u00f8gte dette mindem\u00e6rke, som M\u00f8llers far S\u00f8ren Chr. \u00d8stergaard var med til at rejse i 1882 ud for hans f\u00f8deg\u00e5rd, Lysgaard. <\/p>\n\n\n\n<p>Midt i Lysg\u00e5rd by ligger den gamle skole, som St. St. Blicher gjorde ber\u00f8mt med fort\u00e6llingen &#8220;E Bindstouw&#8221;. <\/p>\n\n\n\n<p>Da Blicher skrev novellen var landsbyskolen i Lysg\u00e5rd ikke kun for b\u00f8rnene. N\u00e5r b\u00f8rneflokken var f\u00e6rdige med at remse salmevers, katekismus og havde glattet de sidste regnestykker v\u00e6k, m\u00f8dtes landsbyens voksne i de m\u00f8rke vinteraftener til bindstue. Gennem tiden er der for\u00e6ret mange fine genstande fra omegnens beboere til museet, og derfor tr\u00e6der man ind i et helt lille egnsmuseum, n\u00e5r man kommer over d\u00f8rt\u00e6rsklen til den gamle skole<\/p>\n<\/div><\/div>\n\n\n\n<div class=\"wp-block-media-text is-stacked-on-mobile\"><figure class=\"wp-block-media-text__media\"><img loading=\"lazy\" decoding=\"async\" width=\"440\" height=\"255\" src=\"https:\/\/familien-oestergaard.dk\/wp-content\/uploads\/2024\/09\/i282600889514053081-2.jpg\" alt=\"\" class=\"wp-image-341 size-full\" srcset=\"https:\/\/familien-oestergaard.dk\/wp-content\/uploads\/2024\/09\/i282600889514053081-2.jpg 440w, https:\/\/familien-oestergaard.dk\/wp-content\/uploads\/2024\/09\/i282600889514053081-2-300x174.jpg 300w\" sizes=\"auto, (max-width: 440px) 100vw, 440px\" \/><\/figure><div class=\"wp-block-media-text__content\">\n<p><strong>Ullits Nye skole ca. 1947<\/strong><br>Skolen blev bygget i 1935. Man kan se alle tr\u00e6erne, som M\u00f8ller \u00d8stergaard og Lis \u00d8stergaard har plantet samt hans store veltilpassede have.<\/p>\n<\/div><\/div>\n\n\n\n<p><\/p>\n\n\n\n<p><\/p>\n\n\n\n<div class=\"wp-block-media-text is-stacked-on-mobile\"><figure class=\"wp-block-media-text__media\"><img loading=\"lazy\" decoding=\"async\" width=\"440\" height=\"312\" src=\"https:\/\/familien-oestergaard.dk\/wp-content\/uploads\/2024\/09\/i282600889514052969-2.jpg\" alt=\"\" class=\"wp-image-346 size-full\" srcset=\"https:\/\/familien-oestergaard.dk\/wp-content\/uploads\/2024\/09\/i282600889514052969-2.jpg 440w, https:\/\/familien-oestergaard.dk\/wp-content\/uploads\/2024\/09\/i282600889514052969-2-300x213.jpg 300w\" sizes=\"auto, (max-width: 440px) 100vw, 440px\" \/><\/figure><div class=\"wp-block-media-text__content\">\n<p><strong>M\u00f8ller \u00d8stergaards f\u00f8dehjem ca. 1907<\/strong><\/p>\n\n\n\n<p>Fra venstre:<\/p>\n\n\n\n<p>Marie Magdalene Johanne (f. 1897), Anna (f. 1891), Bodil Marie (f. 1865) Dagmar (f. 1905), Peter (f. 1893), S\u00f8ren Christian (f. 1862) Johanne Amanda (f. 1903) og M\u00f8ller selv yderst t.h. (f. 1900<\/p>\n<\/div><\/div>\n\n\n\n<div class=\"wp-block-media-text is-stacked-on-mobile\"><figure class=\"wp-block-media-text__media\"><img loading=\"lazy\" decoding=\"async\" width=\"303\" height=\"440\" src=\"https:\/\/familien-oestergaard.dk\/wp-content\/uploads\/2024\/09\/i282600889514070427-2.jpg\" alt=\"\" class=\"wp-image-347 size-full\" srcset=\"https:\/\/familien-oestergaard.dk\/wp-content\/uploads\/2024\/09\/i282600889514070427-2.jpg 303w, https:\/\/familien-oestergaard.dk\/wp-content\/uploads\/2024\/09\/i282600889514070427-2-207x300.jpg 207w\" sizes=\"auto, (max-width: 303px) 100vw, 303px\" \/><\/figure><div class=\"wp-block-media-text__content\">\n<p>Lis og hendes s\u00f8skende:<\/p>\n\n\n\n<p>Fra venstre: Maren, Karen, Kirstine, Peter og hans kone Anne Margrethe og l\u00e6ngst til h\u00f8jre er det Lis selv.<\/p>\n<\/div><\/div>\n\n\n\n<div class=\"wp-block-media-text is-stacked-on-mobile\"><figure class=\"wp-block-media-text__media\"><img loading=\"lazy\" decoding=\"async\" width=\"440\" height=\"307\" src=\"https:\/\/familien-oestergaard.dk\/wp-content\/uploads\/2024\/09\/i282600889514052666-2.jpg\" alt=\"\" class=\"wp-image-348 size-full\" srcset=\"https:\/\/familien-oestergaard.dk\/wp-content\/uploads\/2024\/09\/i282600889514052666-2.jpg 440w, https:\/\/familien-oestergaard.dk\/wp-content\/uploads\/2024\/09\/i282600889514052666-2-300x209.jpg 300w\" sizes=\"auto, (max-width: 440px) 100vw, 440px\" \/><\/figure><div class=\"wp-block-media-text__content\">\n<p>Den gamle Ford 31 p\u00e5 en udflugt i ca. 1954. M\u00f8ller \u00d8stergaard skifter d\u00e6k, mens Lis og Randi sidder inde og venter<\/p>\n<\/div><\/div>\n\n\n\n<div class=\"wp-block-media-text is-stacked-on-mobile\"><figure class=\"wp-block-media-text__media\"><img loading=\"lazy\" decoding=\"async\" width=\"440\" height=\"306\" src=\"https:\/\/familien-oestergaard.dk\/wp-content\/uploads\/2024\/09\/i282600889514052668-2.jpg\" alt=\"\" class=\"wp-image-350 size-full\" srcset=\"https:\/\/familien-oestergaard.dk\/wp-content\/uploads\/2024\/09\/i282600889514052668-2.jpg 440w, https:\/\/familien-oestergaard.dk\/wp-content\/uploads\/2024\/09\/i282600889514052668-2-300x209.jpg 300w\" sizes=\"auto, (max-width: 440px) 100vw, 440px\" \/><\/figure><div class=\"wp-block-media-text__content\">\n<p>M\u00f8ller og Lis fik 8 b\u00f8rn. Her er de 7 i ca. 1943-1944, da den yngste (Kirsten) endnu ikke er f\u00f8dt. Fra venstre:<\/p>\n\n\n\n<p>Peter f. 1941<\/p>\n\n\n\n<p>Anne Margrethe f. 1939 (kaldet Grethe)<\/p>\n\n\n\n<p>Knud f. 1937<\/p>\n\n\n\n<p>Birgit f. 1936<\/p>\n\n\n\n<p>Torkill f. 1934<\/p>\n\n\n\n<p>Randi f. 1932<\/p>\n\n\n\n<p>Tove f. 1931<\/p>\n<\/div><\/div>\n\n\n\n<div class=\"wp-block-media-text is-stacked-on-mobile\"><figure class=\"wp-block-media-text__media\"><img loading=\"lazy\" decoding=\"async\" width=\"440\" height=\"333\" src=\"https:\/\/familien-oestergaard.dk\/wp-content\/uploads\/2024\/09\/i282600889514052662-2.jpg\" alt=\"\" class=\"wp-image-352 size-full\" srcset=\"https:\/\/familien-oestergaard.dk\/wp-content\/uploads\/2024\/09\/i282600889514052662-2.jpg 440w, https:\/\/familien-oestergaard.dk\/wp-content\/uploads\/2024\/09\/i282600889514052662-2-300x227.jpg 300w\" sizes=\"auto, (max-width: 440px) 100vw, 440px\" \/><\/figure><div class=\"wp-block-media-text__content\">\n<p>Her er alle b\u00f8rnene til Peters 50 \u00e5rs f\u00f8dselsdag i 1991. <\/p>\n\n\n\n<p>Fra venstre bagerst: Torkill, Tove, Randi, Birgit, Knud<\/p>\n\n\n\n<p>Fra venstre forrest: Kirsten, Peter, Grethe<\/p>\n<\/div><\/div>\n\n\n\n<div class=\"wp-block-media-text is-stacked-on-mobile\"><figure class=\"wp-block-media-text__media\"><img loading=\"lazy\" decoding=\"async\" width=\"338\" height=\"354\" src=\"https:\/\/familien-oestergaard.dk\/wp-content\/uploads\/2024\/09\/i282600889514052961-2.jpg\" alt=\"\" class=\"wp-image-353 size-full\" srcset=\"https:\/\/familien-oestergaard.dk\/wp-content\/uploads\/2024\/09\/i282600889514052961-2.jpg 338w, https:\/\/familien-oestergaard.dk\/wp-content\/uploads\/2024\/09\/i282600889514052961-2-286x300.jpg 286w\" sizes=\"auto, (max-width: 338px) 100vw, 338px\" \/><\/figure><div class=\"wp-block-media-text__content\">\n<p>Kristian Pedersens gravsted. Lis&#8217; far.<\/p>\n\n\n\n<p>Kristian Pedersen, f\u00f8dt den 2. december 1863, d\u00f8bt 26. december 1863 i Vang Kirke. D\u00f8de den 23. september 1903 i Sdr. H\u00e5. <\/p>\n\n\n\n<p>Gift i Villersted kirke 19. oktober 1888 med Sidsel Nielsen Thorsted, f\u00f8dt den 24. februar 1866 i Villerslev. D\u00f8d i 1947 i Silkeborg<\/p>\n<\/div><\/div>\n","protected":false},"excerpt":{"rendered":"<p>Mindesm\u00e6rket over digterpr\u00e6sten Steen St. Blicher. M\u00f8ller \u00d8stergaard og s\u00f8nnen Peter H\u00f8je \u00d8stergaard bes\u00f8gte dette mindem\u00e6rke, som M\u00f8llers far S\u00f8ren Chr. \u00d8stergaard var med til at rejse i 1882 ud for hans f\u00f8deg\u00e5rd, Lysgaard. Midt i Lysg\u00e5rd by ligger den gamle skole, som St. St. Blicher gjorde ber\u00f8mt med fort\u00e6llingen &#8220;E Bindstouw&#8221;. Da Blicher skrev &#8230; <a title=\"Gamle fotos\" class=\"read-more\" href=\"https:\/\/familien-oestergaard.dk\/?page_id=256\" aria-label=\"Read more about Gamle fotos\">L\u00e6s mere <\/a><\/p>\n","protected":false},"author":2,"featured_media":0,"parent":0,"menu_order":0,"comment_status":"closed","ping_status":"closed","template":"","meta":{"_uag_custom_page_level_css":"","footnotes":""},"class_list":["post-256","page","type-page","status-publish"],"uagb_featured_image_src":{"full":false,"thumbnail":false,"medium":false,"medium_large":false,"large":false,"1536x1536":false,"2048x2048":false},"uagb_author_info":{"display_name":"Linne Dockweiler","author_link":"https:\/\/familien-oestergaard.dk\/?author=2"},"uagb_comment_info":0,"uagb_excerpt":"Mindesm\u00e6rket over digterpr\u00e6sten Steen St. Blicher. M\u00f8ller \u00d8stergaard og s\u00f8nnen Peter H\u00f8je \u00d8stergaard bes\u00f8gte dette mindem\u00e6rke, som M\u00f8llers far S\u00f8ren Chr. \u00d8stergaard var med til at rejse i 1882 ud for hans f\u00f8deg\u00e5rd, Lysgaard. Midt i Lysg\u00e5rd by ligger den gamle skole, som St. St. Blicher gjorde ber\u00f8mt med fort\u00e6llingen &#8220;E Bindstouw&#8221;. Da Blicher skrev&hellip;","_links":{"self":[{"href":"https:\/\/familien-oestergaard.dk\/index.php?rest_route=\/wp\/v2\/pages\/256","targetHints":{"allow":["GET"]}}],"collection":[{"href":"https:\/\/familien-oestergaard.dk\/index.php?rest_route=\/wp\/v2\/pages"}],"about":[{"href":"https:\/\/familien-oestergaard.dk\/index.php?rest_route=\/wp\/v2\/types\/page"}],"author":[{"embeddable":true,"href":"https:\/\/familien-oestergaard.dk\/index.php?rest_route=\/wp\/v2\/users\/2"}],"replies":[{"embeddable":true,"href":"https:\/\/familien-oestergaard.dk\/index.php?rest_route=%2Fwp%2Fv2%2Fcomments&post=256"}],"version-history":[{"count":7,"href":"https:\/\/familien-oestergaard.dk\/index.php?rest_route=\/wp\/v2\/pages\/256\/revisions"}],"predecessor-version":[{"id":470,"href":"https:\/\/familien-oestergaard.dk\/index.php?rest_route=\/wp\/v2\/pages\/256\/revisions\/470"}],"wp:attachment":[{"href":"https:\/\/familien-oestergaard.dk\/index.php?rest_route=%2Fwp%2Fv2%2Fmedia&parent=256"}],"curies":[{"name":"wp","href":"https:\/\/api.w.org\/{rel}","templated":true}]}}