{"id":87,"date":"2024-09-09T09:58:38","date_gmt":"2024-09-09T09:58:38","guid":{"rendered":"https:\/\/familien-oestergaard.dk\/?page_id=87"},"modified":"2024-09-22T12:17:46","modified_gmt":"2024-09-22T12:17:46","slug":"moeller-og-lis","status":"publish","type":"page","link":"https:\/\/familien-oestergaard.dk\/?page_id=87","title":{"rendered":"M\u00f8ller \u00d8stergaard f. Pedersen"},"content":{"rendered":"\n<p><\/p>\n\n\n\n<div class=\"wp-block-media-text is-stacked-on-mobile\"><figure class=\"wp-block-media-text__media\"><img loading=\"lazy\" decoding=\"async\" width=\"203\" height=\"275\" src=\"https:\/\/familien-oestergaard.dk\/wp-content\/uploads\/2024\/09\/i282600889514185833-1.jpg\" alt=\"\" class=\"wp-image-300 size-full\"\/><\/figure><div class=\"wp-block-media-text__content\">\n<p><strong>M\u00f8ller \u00d8stergaard f. Pedersen d. 30 april 1900<\/strong>, Sdr. Resen, Fjends.<br><br>Gift 1. gang 28. juni 1927 med Anna Mathilde Kuld Jensen, \u00c5rhus R\u00e5dhus.<\/p>\n\n\n\n<p>Sammen fik de 1 barn, <strong>Edith<\/strong>. Skilt 13. august 1930.<br><br>Gift 2. gang 9. september 1930, Ullits Kirke med Nielsine Pedersen (Lis).<br>Sammen fik de 8 b\u00f8rn: <strong>Tove, Randi, Torkill, Birgit, Knud, Grethe, Peter og Kirsten<\/strong><br><br>M\u00f8ller d\u00f8de af en blodprop 28. december 1984 p\u00e5 sygehuset i Gren\u00e5.<br><br>Han virkede fra 1929-1954 som ene-l\u00e6rer i Ullits Skole<\/p>\n\n\n\n<p>Billedet her er fra 1926, da han blev f\u00e6rdig som l\u00e6rer p\u00e5 Silkeborg Seminarum. <\/p>\n<\/div><\/div>\n\n\n\n<div class=\"wp-block-media-text is-stacked-on-mobile\"><figure class=\"wp-block-media-text__media\"><img loading=\"lazy\" decoding=\"async\" width=\"320\" height=\"439\" src=\"https:\/\/familien-oestergaard.dk\/wp-content\/uploads\/2024\/09\/i282600889514052669-2.jpg\" alt=\"\" class=\"wp-image-301 size-full\" srcset=\"https:\/\/familien-oestergaard.dk\/wp-content\/uploads\/2024\/09\/i282600889514052669-2.jpg 320w, https:\/\/familien-oestergaard.dk\/wp-content\/uploads\/2024\/09\/i282600889514052669-2-219x300.jpg 219w\" sizes=\"auto, (max-width: 320px) 100vw, 320px\" \/><\/figure><div class=\"wp-block-media-text__content\">\n<p>M\u00f8ller \u00d8stergaard &#8211; billedet er taget 1960 p\u00e5 hans 60 \u00e5rs f\u00f8dselsdag<\/p>\n<\/div><\/div>\n","protected":false},"excerpt":{"rendered":"<p>M\u00f8ller \u00d8stergaard f. Pedersen d. 30 april 1900, Sdr. Resen, Fjends. Gift 1. gang 28. juni 1927 med Anna Mathilde Kuld Jensen, \u00c5rhus R\u00e5dhus. Sammen fik de 1 barn, Edith. Skilt 13. august 1930. Gift 2. gang 9. september 1930, Ullits Kirke med Nielsine Pedersen (Lis).Sammen fik de 8 b\u00f8rn: Tove, Randi, Torkill, Birgit, Knud, &#8230; <a title=\"M\u00f8ller \u00d8stergaard f. Pedersen\" class=\"read-more\" href=\"https:\/\/familien-oestergaard.dk\/?page_id=87\" aria-label=\"Read more about M\u00f8ller \u00d8stergaard f. Pedersen\">L\u00e6s mere <\/a><\/p>\n","protected":false},"author":2,"featured_media":0,"parent":0,"menu_order":0,"comment_status":"closed","ping_status":"closed","template":"","meta":{"_uag_custom_page_level_css":"","footnotes":""},"class_list":["post-87","page","type-page","status-publish"],"uagb_featured_image_src":{"full":false,"thumbnail":false,"medium":false,"medium_large":false,"large":false,"1536x1536":false,"2048x2048":false},"uagb_author_info":{"display_name":"Linne Dockweiler","author_link":"https:\/\/familien-oestergaard.dk\/?author=2"},"uagb_comment_info":0,"uagb_excerpt":"M\u00f8ller \u00d8stergaard f. Pedersen d. 30 april 1900, Sdr. Resen, Fjends. Gift 1. gang 28. juni 1927 med Anna Mathilde Kuld Jensen, \u00c5rhus R\u00e5dhus. Sammen fik de 1 barn, Edith. Skilt 13. august 1930. Gift 2. gang 9. september 1930, Ullits Kirke med Nielsine Pedersen (Lis).Sammen fik de 8 b\u00f8rn: Tove, Randi, Torkill, Birgit, Knud,&hellip;","_links":{"self":[{"href":"https:\/\/familien-oestergaard.dk\/index.php?rest_route=\/wp\/v2\/pages\/87","targetHints":{"allow":["GET"]}}],"collection":[{"href":"https:\/\/familien-oestergaard.dk\/index.php?rest_route=\/wp\/v2\/pages"}],"about":[{"href":"https:\/\/familien-oestergaard.dk\/index.php?rest_route=\/wp\/v2\/types\/page"}],"author":[{"embeddable":true,"href":"https:\/\/familien-oestergaard.dk\/index.php?rest_route=\/wp\/v2\/users\/2"}],"replies":[{"embeddable":true,"href":"https:\/\/familien-oestergaard.dk\/index.php?rest_route=%2Fwp%2Fv2%2Fcomments&post=87"}],"version-history":[{"count":6,"href":"https:\/\/familien-oestergaard.dk\/index.php?rest_route=\/wp\/v2\/pages\/87\/revisions"}],"predecessor-version":[{"id":303,"href":"https:\/\/familien-oestergaard.dk\/index.php?rest_route=\/wp\/v2\/pages\/87\/revisions\/303"}],"wp:attachment":[{"href":"https:\/\/familien-oestergaard.dk\/index.php?rest_route=%2Fwp%2Fv2%2Fmedia&parent=87"}],"curies":[{"name":"wp","href":"https:\/\/api.w.org\/{rel}","templated":true}]}}