{"id":94,"date":"2024-09-09T10:11:40","date_gmt":"2024-09-09T10:11:40","guid":{"rendered":"https:\/\/familien-oestergaard.dk\/?page_id=94"},"modified":"2024-09-12T11:54:08","modified_gmt":"2024-09-12T11:54:08","slug":"edith-kuld-oestergaard","status":"publish","type":"page","link":"https:\/\/familien-oestergaard.dk\/?page_id=94","title":{"rendered":"Edith"},"content":{"rendered":"\n<p><\/p>\n\n\n\n<p><em>M\u00f8ller blev gift f\u00f8rste gang 28. juni 1927 med Anna Mathilde Kuld Jensen. De blev skilt 13. august 1930 og fik sammen en datter. <\/em><br><br><strong>Edith Kuld \u00d8stergaard f\u00f8dt 23. september 1927.<\/strong>&nbsp;Hun blev gift med Johan Leth-Espensen, der d\u00f8de 1. april 1968. I dag bor Edith i Herlev.<\/p>\n\n\n\n<p>Sammen fik de 2 b\u00f8rn:<\/p>\n\n\n\n<p>______________________________________________________________________________________________________________________________________________________________<\/p>\n\n\n\n<p><strong>Bo Leth-Espensen f\u00f8dt 6. oktober 1955<\/strong><\/p>\n\n\n\n<p>______________________________________________________________________________________________________________________________________________________________<\/p>\n\n\n\n<p><strong>Per Leth-Espensen f\u00f8dt 1958<\/strong><\/p>\n\n\n\n<p><\/p>\n","protected":false},"excerpt":{"rendered":"<p>M\u00f8ller blev gift f\u00f8rste gang 28. juni 1927 med Anna Mathilde Kuld Jensen. De blev skilt 13. august 1930 og fik sammen en datter. Edith Kuld \u00d8stergaard f\u00f8dt 23. september 1927.&nbsp;Hun blev gift med Johan Leth-Espensen, der d\u00f8de 1. april 1968. I dag bor Edith i Herlev. Sammen fik de 2 b\u00f8rn: ______________________________________________________________________________________________________________________________________________________________ Bo Leth-Espensen &#8230; <a title=\"Edith\" class=\"read-more\" href=\"https:\/\/familien-oestergaard.dk\/?page_id=94\" aria-label=\"Read more about Edith\">L\u00e6s mere <\/a><\/p>\n","protected":false},"author":2,"featured_media":0,"parent":0,"menu_order":0,"comment_status":"closed","ping_status":"closed","template":"","meta":{"_uag_custom_page_level_css":"","footnotes":""},"class_list":["post-94","page","type-page","status-publish"],"uagb_featured_image_src":{"full":false,"thumbnail":false,"medium":false,"medium_large":false,"large":false,"1536x1536":false,"2048x2048":false},"uagb_author_info":{"display_name":"Linne Dockweiler","author_link":"https:\/\/familien-oestergaard.dk\/?author=2"},"uagb_comment_info":0,"uagb_excerpt":"M\u00f8ller blev gift f\u00f8rste gang 28. juni 1927 med Anna Mathilde Kuld Jensen. De blev skilt 13. august 1930 og fik sammen en datter. Edith Kuld \u00d8stergaard f\u00f8dt 23. september 1927.&nbsp;Hun blev gift med Johan Leth-Espensen, der d\u00f8de 1. april 1968. I dag bor Edith i Herlev. Sammen fik de 2 b\u00f8rn: ______________________________________________________________________________________________________________________________________________________________ Bo Leth-Espensen&hellip;","_links":{"self":[{"href":"https:\/\/familien-oestergaard.dk\/index.php?rest_route=\/wp\/v2\/pages\/94","targetHints":{"allow":["GET"]}}],"collection":[{"href":"https:\/\/familien-oestergaard.dk\/index.php?rest_route=\/wp\/v2\/pages"}],"about":[{"href":"https:\/\/familien-oestergaard.dk\/index.php?rest_route=\/wp\/v2\/types\/page"}],"author":[{"embeddable":true,"href":"https:\/\/familien-oestergaard.dk\/index.php?rest_route=\/wp\/v2\/users\/2"}],"replies":[{"embeddable":true,"href":"https:\/\/familien-oestergaard.dk\/index.php?rest_route=%2Fwp%2Fv2%2Fcomments&post=94"}],"version-history":[{"count":3,"href":"https:\/\/familien-oestergaard.dk\/index.php?rest_route=\/wp\/v2\/pages\/94\/revisions"}],"predecessor-version":[{"id":176,"href":"https:\/\/familien-oestergaard.dk\/index.php?rest_route=\/wp\/v2\/pages\/94\/revisions\/176"}],"wp:attachment":[{"href":"https:\/\/familien-oestergaard.dk\/index.php?rest_route=%2Fwp%2Fv2%2Fmedia&parent=94"}],"curies":[{"name":"wp","href":"https:\/\/api.w.org\/{rel}","templated":true}]}}