{"id":97,"date":"2024-09-09T10:56:37","date_gmt":"2024-09-09T10:56:37","guid":{"rendered":"https:\/\/familien-oestergaard.dk\/?page_id=97"},"modified":"2025-06-18T17:33:53","modified_gmt":"2025-06-18T17:33:53","slug":"tove","status":"publish","type":"page","link":"https:\/\/familien-oestergaard.dk\/?page_id=97","title":{"rendered":"Tove"},"content":{"rendered":"\n<p><strong>Tove H\u00f8je \u00d8stergaard f\u00f8dt 14 maj 1931<\/strong>\u00a0(d\u00f8d 16. januar 2020) gift 30. maj 1953 med Evald Sonberg f\u00f8dt 15. januar 1922 (d\u00f8d 3. november 1997).<\/p>\n\n\n\n<p>F\u00f8r \u00e6gteskabet fik Tove en datter, der blev bortadopteret ved f\u00f8dslen. <\/p>\n\n\n\n<p>Tove og Evald emigrerede til USA, hvor deres f\u00e6lles 2 b\u00f8rn og efterkommere bor i dag<\/p>\n\n\n\n<p><\/p>\n\n\n\n<p><strong>Karen Margrethe Toftdal Larsen f\u00f8dt 21. juni 1950&nbsp;<\/strong>gift 12. juni 1999 med Kaj Juhl M\u00f8ller, f\u00f8dt 28. december 1947.<\/p>\n\n\n\n<p><\/p>\n\n\n\n<p><\/p>\n\n\n\n<p><strong>Steve Sonberg f\u00f8dt 20. marts 1954&nbsp;<\/strong>gift 13. juli 1985 med Denise Kimlicka f\u00f8dt 13. januar 1954. <\/p>\n\n\n\n<p>Denise har medbragt 1 barn og sammen har de 3 b\u00f8rn:<\/p>\n\n\n\n<ol class=\"wp-block-list\">\n<li>John Klick f\u00f8dt 11. juli 1983 gift 12. Juni 2017 med Jun Ma f\u00f8dt 4. November 1991. Sammen har de Chloe, f\u00f8dt 24. August 2018 og Colin 13. December 2019<\/li>\n\n\n\n<li><strong>Eric John Sonberg f\u00f8dt 26. juli 1987 gift\u00a0<\/strong><strong>17. Februar 2018\u00a0<\/strong><strong>med Yu Han f\u00f8dt 26. Marts 1987<\/strong><\/li>\n\n\n\n<li><strong>Laura Ashley Sonberg f\u00f8dt 21. juli 1991<\/strong><\/li>\n\n\n\n<li><strong>Rachel Kirsten (Sonberg) McKenna f\u00f8dt 21. juli 1991 gift 21. September 2018 med Sean Mckenna f\u00f8dt 23. december 1991. Sammen har de Ember f\u00f8dt 13.august 2020<\/strong><\/li>\n<\/ol>\n\n\n\n<p><\/p>\n\n\n\n<p><strong>Susan Laura Sonberg f\u00f8dt 5. juli 1958&nbsp;<\/strong>gift 30 juli 1994 med John Arthur Wykoff f\u00f8dt 15. august 1945. Sammen har de 1 barn:<\/p>\n\n\n\n<ol class=\"wp-block-list\">\n<li><strong>Jason Andrew Wykoff f\u00f8dt 12. august 1999<\/strong><\/li>\n<\/ol>\n\n\n\n<p><\/p>\n","protected":false},"excerpt":{"rendered":"<p>Tove H\u00f8je \u00d8stergaard f\u00f8dt 14 maj 1931\u00a0(d\u00f8d 16. januar 2020) gift 30. maj 1953 med Evald Sonberg f\u00f8dt 15. januar 1922 (d\u00f8d 3. november 1997). F\u00f8r \u00e6gteskabet fik Tove en datter, der blev bortadopteret ved f\u00f8dslen. Tove og Evald emigrerede til USA, hvor deres f\u00e6lles 2 b\u00f8rn og efterkommere bor i dag Karen Margrethe Toftdal &#8230; <a title=\"Tove\" class=\"read-more\" href=\"https:\/\/familien-oestergaard.dk\/?page_id=97\" aria-label=\"Read more about Tove\">L\u00e6s mere <\/a><\/p>\n","protected":false},"author":2,"featured_media":0,"parent":0,"menu_order":0,"comment_status":"closed","ping_status":"closed","template":"","meta":{"_uag_custom_page_level_css":"","footnotes":""},"class_list":["post-97","page","type-page","status-publish"],"uagb_featured_image_src":{"full":false,"thumbnail":false,"medium":false,"medium_large":false,"large":false,"1536x1536":false,"2048x2048":false},"uagb_author_info":{"display_name":"Linne Dockweiler","author_link":"https:\/\/familien-oestergaard.dk\/?author=2"},"uagb_comment_info":0,"uagb_excerpt":"Tove H\u00f8je \u00d8stergaard f\u00f8dt 14 maj 1931\u00a0(d\u00f8d 16. januar 2020) gift 30. maj 1953 med Evald Sonberg f\u00f8dt 15. januar 1922 (d\u00f8d 3. november 1997). F\u00f8r \u00e6gteskabet fik Tove en datter, der blev bortadopteret ved f\u00f8dslen. Tove og Evald emigrerede til USA, hvor deres f\u00e6lles 2 b\u00f8rn og efterkommere bor i dag Karen Margrethe Toftdal&hellip;","_links":{"self":[{"href":"https:\/\/familien-oestergaard.dk\/index.php?rest_route=\/wp\/v2\/pages\/97","targetHints":{"allow":["GET"]}}],"collection":[{"href":"https:\/\/familien-oestergaard.dk\/index.php?rest_route=\/wp\/v2\/pages"}],"about":[{"href":"https:\/\/familien-oestergaard.dk\/index.php?rest_route=\/wp\/v2\/types\/page"}],"author":[{"embeddable":true,"href":"https:\/\/familien-oestergaard.dk\/index.php?rest_route=\/wp\/v2\/users\/2"}],"replies":[{"embeddable":true,"href":"https:\/\/familien-oestergaard.dk\/index.php?rest_route=%2Fwp%2Fv2%2Fcomments&post=97"}],"version-history":[{"count":3,"href":"https:\/\/familien-oestergaard.dk\/index.php?rest_route=\/wp\/v2\/pages\/97\/revisions"}],"predecessor-version":[{"id":472,"href":"https:\/\/familien-oestergaard.dk\/index.php?rest_route=\/wp\/v2\/pages\/97\/revisions\/472"}],"wp:attachment":[{"href":"https:\/\/familien-oestergaard.dk\/index.php?rest_route=%2Fwp%2Fv2%2Fmedia&parent=97"}],"curies":[{"name":"wp","href":"https:\/\/api.w.org\/{rel}","templated":true}]}}